{"id":15171,"date":"2018-03-07T13:53:38","date_gmt":"2018-03-07T12:53:38","guid":{"rendered":"https:\/\/www.debitos.com\/security\/"},"modified":"2024-10-31T10:02:21","modified_gmt":"2024-10-31T09:02:21","slug":"security","status":"publish","type":"page","link":"https:\/\/www.debitos.com\/it\/security\/","title":{"rendered":"Sicurezza"},"content":{"rendered":"\t\t\t\t<div class=\"bs3-grid-builder-container container\">\r\n\t\t\t\t\t\t\t\t<div class=\"row bs3-grid-builder-row bs3-grid-builder-row-order-ltr\">\r\n\t\t\t\t\t\t\t\t\t\t\t\t\t\t\t\t<div class=\"col-sm-12 bs3-grid-col-wrapper\">\r\n\t\t\t\t\t\t\t\t\t\t\t<div class=\"bs3-grid-builder-child-item bs3-grid-builder-col-1\">\r\n\t\t\t\t\t\t\t\t\t\t\t\t\t<h2 class=\"entry-title\" style=\"text-align: left\">Contratti giuridicamente sicuri<\/h2>\n<hr \/>\n\t\t\t\t\t\t\t\t\t\t\t<\/div><!-- .bs3-grid-builder-child-item -->\r\n\t\t\t\t\t\t\t\t\t\t\t\t\t\t\t<\/div><!-- .bs3-grid-col-wrapper -->\r\n\t\t\t\t<\/div><!-- .bs3-grid-builder-row -->\r\n\t\t\t<\/div><!-- .bs3-grid-builder-container -->\r\n\t\t\t\t\t\t<div class=\"bs3-grid-builder-container container\">\r\n\t\t\t\t\t\t\t\t<div class=\"row bs3-grid-builder-row mb-30 bs3-grid-builder-row-order-ltr\">\r\n\t\t\t\t\t\t\t\t\t\t\t\t\t\t\t\t<div class=\"col-md-8 col-sm-6 bs3-grid-col-wrapper\">\r\n\t\t\t\t\t\t\t\t\t\t\t<div class=\"bs3-grid-builder-child-item bs3-grid-builder-col-1\">\r\n\t\t\t\t\t\t\t\t\t\t\t\t\t<h3>Debitos offre a tutti i partecipanti al suo mercato accordi giuridicamente sicuri<\/h3>\n<p>La negoziazione dei crediti \u00e8 sottoposta a numerosi requisiti normativi. La legislazione tributaria prevede il corretto pagamento dell&#8217;imposta sul valore aggiunto e il calcolo dei dati economici essenziali. Nell&#8217;elaborazione dei dati personali devono essere rispettate le severe disposizioni della Legge Federale tedesca per la Protezione dei Dati (BDSG).<\/p>\n<p>Infine, l&#8217;autorit\u00e0 federale di vigilanza finanziaria (BaFin) garantisce il rispetto della legge tedesca sul sistema creditizio (KWG). Esistono poi normative che hanno una forte influenza sulle vendite di crediti. Durante lo sviluppo del mercato secondario, Debitos ha considerato tutte le normative.<\/p>\n\t\t\t\t\t\t\t\t\t\t\t<\/div><!-- .bs3-grid-builder-child-item -->\r\n\t\t\t\t\t\t\t\t\t\t<\/div><!-- .bs3-grid-col-wrapper -->\t\t\t\t\t\t\t\t\t\t\t<div class=\"col-md-4 col-sm-6 bs3-grid-col-wrapper\">\r\n\t\t\t\t\t\t\t\t\t\t\t<div class=\"bs3-grid-builder-child-item bs3-grid-builder-col-2\">\r\n\t\t\t\t\t\t\t\t\t\t\t\t\t<h3>Cos\u00ec abbiamo definito il nostro accordo con le autorit\u00e0<\/h3>\n<p>Nel contratto, Debitos ha rispettato tutte le disposizioni delle autorit\u00e0 finanziarie e di protezione dei dati applicabili nonch\u00e9 quelle della BaFin, proponendone anche parte per accettazione.<\/p>\n<p>Il risultato \u00e8 un accordo che rispetta le norme, garantendo sicurezza legale a tutti i partecipanti al mercato.<\/p>\n\t\t\t\t\t\t\t\t\t\t\t<\/div><!-- .bs3-grid-builder-child-item -->\r\n\t\t\t\t\t\t\t\t\t\t\t\t\t\t\t<\/div><!-- .bs3-grid-col-wrapper -->\r\n\t\t\t\t<\/div><!-- .bs3-grid-builder-row -->\r\n\t\t\t<\/div><!-- .bs3-grid-builder-container -->\r\n\t\t\t\t\t\t<div class=\"bs3-grid-builder-container bg-black container-fluid\">\r\n\t\t\t\t\t\t\t\t<div class=\"row bs3-grid-builder-row bs3-grid-builder-row-order-ltr\">\r\n\t\t\t\t\t\t\t\t\t\t\t\t\t\t\t\t<div class=\"col-sm-12 bs3-grid-col-wrapper\">\r\n\t\t\t\t\t\t\t\t\t\t\t<div class=\"bs3-grid-builder-child-item mb-20 bs3-grid-builder-col-1\">\r\n\t\t\t\t\t\t\t\t\t\t\t\t\t<h2 class=\"entry-title\" style=\"text-align: center\">Crittografia SSL<\/h2>\n\t\t\t\t\t\t\t\t\t\t\t<\/div><!-- .bs3-grid-builder-child-item -->\r\n\t\t\t\t\t\t\t\t\t\t\t\t\t\t\t<\/div><!-- .bs3-grid-col-wrapper -->\r\n\t\t\t\t<\/div><!-- .bs3-grid-builder-row -->\r\n\t\t\t<\/div><!-- .bs3-grid-builder-container -->\r\n\t\t\t\t\t\t<div class=\"bs3-grid-builder-container bg-container-fluid bg-lightbulbs-two mb-20n wrapper-tradable-claims container\">\r\n\t\t\t\t\t\t\t\t<div class=\"row bs3-grid-builder-row in-fluid-row-class plr-0 bs3-grid-builder-row-order-ltr\">\r\n\t\t\t\t\t\t\t\t\t\t\t\t\t\t\t\t<div class=\"col-sm-6 bs3-grid-col-wrapper\">\r\n\t\t\t\t\t\t\t\t\t\t\t<div class=\"bs3-grid-builder-child-item box bg-black-transparent p-15 mb-15 bs3-grid-builder-col-1\">\r\n\t\t\t\t\t\t\t\t\t\t\t\t\t<h3>I tuoi dati sono crittografati<\/h3>\n<p>In Debitos operiamo in un campo di dati sensibili e consideriamo quindi fondamentale che i tuoi dati non possano essere trasmessi liberamente a terzi. Un metodo efficace per impedirlo \u00e8 la crittografia SSL.<\/p>\n<p>SSL sta per Secure Sockets Layer ed \u00e8 un sistema di trasmissione di dati tra mittente e destinatario con crittografia a 256 bit. Il computer che trasmette i dati li cripta prima di inviarli al ricevente, che \u00e8 l&#8217;unica persona in grado di decifrarli e leggerli. Per proteggere in modo ottimale i dati dei nostri clienti abbiamo affidato la crittografia dei dati a GeoTrust, il leader del mercato.<\/p>\n\t\t\t\t\t\t\t\t\t\t\t<\/div><!-- .bs3-grid-builder-child-item -->\r\n\t\t\t\t\t\t\t\t\t\t<\/div><!-- .bs3-grid-col-wrapper -->\t\t\t\t\t\t\t\t\t\t\t<div class=\"col-sm-6 bs3-grid-col-wrapper\">\r\n\t\t\t\t\t\t\t\t\t\t\t<div class=\"bs3-grid-builder-child-item box bg-black-transparent p-15 mb-15 bs3-grid-builder-col-2\">\r\n\t\t\t\t\t\t\t\t\t\t\t\t\t<h3>Ecco come funziona la nostra crittografia SSL<\/h3>\n<ol>\n<li>Il tuo computer (\u2018client\u2019) si connette con un computer su internet (\u2018server\u2019).<\/li>\n<li>Il server invia un certificato al tuo computer. Il tuo computer verifica l&#8217;autenticit\u00e0 del certificato presso un centro fiduciario.<\/li>\n<li>Viene generata una chiave di crittografia per la sessione specifica e tutti i dati scambiati tra il tuo computer il server vengono trasmessi in forma crittografata.<\/li>\n<\/ol>\n\t\t\t\t\t\t\t\t\t\t\t<\/div><!-- .bs3-grid-builder-child-item -->\r\n\t\t\t\t\t\t\t\t\t\t\t\t\t\t\t<\/div><!-- .bs3-grid-col-wrapper -->\r\n\t\t\t\t<\/div><!-- .bs3-grid-builder-row -->\r\n\t\t\t<\/div><!-- .bs3-grid-builder-container -->\r\n\t\t\t\t\t\t<div class=\"bs3-grid-builder-container bg-black container-fluid\">\r\n\t\t\t\t\t\t\t\t<div class=\"row bs3-grid-builder-row bs3-grid-builder-row-order-ltr\">\r\n\t\t\t\t\t\t\t\t\t\t\t\t\t\t\t\t<div class=\"col-sm-12 bs3-grid-col-wrapper\">\r\n\t\t\t\t\t\t\t\t\t\t\t<div class=\"bs3-grid-builder-child-item mb-20 bs3-grid-builder-col-1\">\r\n\t\t\t\t\t\t\t\t\t\t\t\t\t<h2 class=\"entry-title\" style=\"text-align: center\">Centro di elaborazione sicuro<\/h2>\n\t\t\t\t\t\t\t\t\t\t\t<\/div><!-- .bs3-grid-builder-child-item -->\r\n\t\t\t\t\t\t\t\t\t\t\t\t\t\t\t<\/div><!-- .bs3-grid-col-wrapper -->\r\n\t\t\t\t<\/div><!-- .bs3-grid-builder-row -->\r\n\t\t\t<\/div><!-- .bs3-grid-builder-container -->\r\n\t\t\t\t\t\t<div class=\"bs3-grid-builder-container mb-30 container\">\r\n\t\t\t\t\t\t\t\t<div class=\"row bs3-grid-builder-row bs3-grid-builder-row-order-ltr\">\r\n\t\t\t\t\t\t\t\t\t\t\t\t\t\t\t\t<div class=\"col-sm-12 bs3-grid-col-wrapper\">\r\n\t\t\t\t\t\t\t\t\t\t\t<div class=\"bs3-grid-builder-child-item bs3-grid-builder-col-1\">\r\n\t\t\t\t\t\t\t\t\t\t\t\t\t<h3>Centro di elaborazione conforme KWG<\/h3>\n<p>In Debitos operiamo in un campo di dati sensibili e attribuiamo quindi particolare importanza alla conservazione dei tuoi dati in un centro di elaborazione sicuro. Per questo motivo abbiamo scelto un centro dati conforme alla legge tedesca sul sistema creditizio (KWG). &#8220;Conforme KWG&#8221; significa che ottempera agli elevati requisiti previsti di questa legge e che pu\u00f2 essere quindi usato anche dalle banche per la conservazione sicura dei dati dei loro clienti.<\/p>\n<p>Fra i requisiti vi sono, ad esempio, rigorosi controlli di accesso, fornitura elettrica da parte di diverse aziende per evitare possibili interruzioni, misure di sicurezza antincendio, computer di backup, ecc.<\/p>\n<p>Sebbene Debitos non sia una banca, ci siamo imposti volontariamente questi obblighi e abbiamo situato l&#8217;intera gestione del nostro sito web nel centro dati Microsoft Azure.<\/p>\n\t\t\t\t\t\t\t\t\t\t\t<\/div><!-- .bs3-grid-builder-child-item -->\r\n\t\t\t\t\t\t\t\t\t\t\t\t\t\t\t<\/div><!-- .bs3-grid-col-wrapper -->\r\n\t\t\t\t<\/div><!-- .bs3-grid-builder-row -->\r\n\t\t\t<\/div><!-- .bs3-grid-builder-container -->\r\n\t\t\t\t\t\t<div class=\"bs3-grid-builder-container container\">\r\n\t\t\t\t\t\t\t\t<div class=\"row bs3-grid-builder-row mb-30 bs3-grid-builder-row-order-ltr\">\r\n\t\t\t\t\t\t\t\t\t\t\t\t\t\t\t\t<div class=\"col-md-4 col-sm-6 bs3-grid-col-wrapper\">\r\n\t\t\t\t\t\t\t\t\t\t\t<div class=\"bs3-grid-builder-child-item mb-15 bs3-grid-builder-col-1\">\r\n\t\t\t\t\t\t\t\t\t\t\t\t\t<p style=\"text-align: center\"><span class=\"icon icn-check green\">\u00a0<\/span><\/p>\n<h3 style=\"text-align: center\">Ottempera ai requisiti KWG<\/h3>\n<p style=\"text-align: center\">Il centro dati Microsoft Azure soddisfa i requisiti dell&#8217;articolo 25a della legge KWG in termini di elaborazione dei dati.<\/p>\n\t\t\t\t\t\t\t\t\t\t\t<\/div><!-- .bs3-grid-builder-child-item -->\r\n\t\t\t\t\t\t\t\t\t\t<\/div><!-- .bs3-grid-col-wrapper -->\t\t\t\t\t\t\t\t\t\t\t<div class=\"col-md-4 col-sm-6 bs3-grid-col-wrapper\">\r\n\t\t\t\t\t\t\t\t\t\t\t<div class=\"bs3-grid-builder-child-item mb-15 bs3-grid-builder-col-2\">\r\n\t\t\t\t\t\t\t\t\t\t\t\t\t<p style=\"text-align: center\"><span class=\"icon icn-check green\">\u00a0<\/span><\/p>\n<h3 style=\"text-align: center\">Controllo di accesso<\/h3>\n<p style=\"text-align: center\">L&#8217;accesso al centro dati Microsoft Azure \u00e8 soggetto a regole molto severe. Nell&#8217;area protetta \u00e8 ammesso esclusivamente personale tecnico selezionato per i lavori di manutenzione.<\/p>\n\t\t\t\t\t\t\t\t\t\t\t<\/div><!-- .bs3-grid-builder-child-item -->\r\n\t\t\t\t\t\t\t\t\t\t<\/div><!-- .bs3-grid-col-wrapper -->\t\t\t\t\t\t\t\t\t\t\t<div class=\"col-md-4 col-sm-6 bs3-grid-col-wrapper\">\r\n\t\t\t\t\t\t\t\t\t\t\t<div class=\"bs3-grid-builder-child-item mb-15 bs3-grid-builder-col-3\">\r\n\t\t\t\t\t\t\t\t\t\t\t\t\t<p style=\"text-align: center\"><span class=\"icon icn-check green\">\u00a0<\/span><\/p>\n<h3 style=\"text-align: center\">Computer di backup<\/h3>\n<p style=\"text-align: center\">Tutti i dati vengono salvati due volte, in modo che in caso di guasto del server i dati siano presenti anche su un secondo server.<\/p>\n\t\t\t\t\t\t\t\t\t\t\t<\/div><!-- .bs3-grid-builder-child-item -->\r\n\t\t\t\t\t\t\t\t\t\t\t\t\t\t\t<\/div><!-- .bs3-grid-col-wrapper -->\r\n\t\t\t\t<\/div><!-- .bs3-grid-builder-row -->\r\n\t\t\t<\/div><!-- .bs3-grid-builder-container -->\r\n\t\t\t\t\t\t<div class=\"bs3-grid-builder-container bg-black container-fluid\">\r\n\t\t\t\t\t\t\t\t<div class=\"row bs3-grid-builder-row bs3-grid-builder-row-order-ltr\">\r\n\t\t\t\t\t\t\t\t\t\t\t\t\t\t\t\t<div class=\"col-sm-12 bs3-grid-col-wrapper\">\r\n\t\t\t\t\t\t\t\t\t\t\t<div class=\"bs3-grid-builder-child-item mb-20 bs3-grid-builder-col-1\">\r\n\t\t\t\t\t\t\t\t\t\t\t\t\t<h2 class=\"entry-title\" style=\"text-align: center\">Protezione dei dati a doppia sicurezza<\/h2>\n\t\t\t\t\t\t\t\t\t\t\t<\/div><!-- .bs3-grid-builder-child-item -->\r\n\t\t\t\t\t\t\t\t\t\t\t\t\t\t\t<\/div><!-- .bs3-grid-col-wrapper -->\r\n\t\t\t\t<\/div><!-- .bs3-grid-builder-row -->\r\n\t\t\t<\/div><!-- .bs3-grid-builder-container -->\r\n\t\t\t\t\t\t<div class=\"bs3-grid-builder-container mb-30 container\">\r\n\t\t\t\t\t\t\t\t<div class=\"row bs3-grid-builder-row bs3-grid-builder-row-order-ltr\">\r\n\t\t\t\t\t\t\t\t\t\t\t\t\t\t\t\t<div class=\"col-sm-12 bs3-grid-col-wrapper\">\r\n\t\t\t\t\t\t\t\t\t\t\t<div class=\"bs3-grid-builder-child-item bs3-grid-builder-col-1\">\r\n\t\t\t\t\t\t\t\t\t\t\t\t\t<h3>La protezione dei tuoi dati \u00e8 importante per noi<\/h3>\n<p>Internet e il suo costante flusso di informazioni creano nuove opportunit\u00e0, ma anche nuovi rischi. Ecco perch\u00e9 Debitos, nello sviluppo della piattaforma operativa, ha gi\u00e0 dedicato particolare impegno all&#8217;osservanza di tutte le normative in materia di protezione dei dati.<\/p>\n<p>La legge federale tedesca sulla protezione dei dati contiene severe disposizioni in materia di trattamento dei dati personali. Con il nostro responsabile della protezione dei dati abbiamo sviluppato per Debitos procedure specifiche che tengono conto di queste disposizioni. Inoltre, abbiamo deciso volontariamente di gestire il nostro mercato secondario dei crediti in un centro informatico che soddisfa gli elevati requisiti di sicurezza previsti per le banche.<\/p>\n\t\t\t\t\t\t\t\t\t\t\t<\/div><!-- .bs3-grid-builder-child-item -->\r\n\t\t\t\t\t\t\t\t\t\t\t\t\t\t\t<\/div><!-- .bs3-grid-col-wrapper -->\r\n\t\t\t\t<\/div><!-- .bs3-grid-builder-row -->\r\n\t\t\t<\/div><!-- .bs3-grid-builder-container -->\r\n\t\t\t\t\t\t<div class=\"bs3-grid-builder-container container\">\r\n\t\t\t\t\t\t\t\t<div class=\"row bs3-grid-builder-row bs3-grid-builder-row-order-ltr\">\r\n\t\t\t\t\t\t\t\t\t\t\t\t\t\t\t\t<div class=\"col-md-4 col-sm-6 bs3-grid-col-wrapper\">\r\n\t\t\t\t\t\t\t\t\t\t\t<div class=\"bs3-grid-builder-child-item mb-15 bs3-grid-builder-col-1\">\r\n\t\t\t\t\t\t\t\t\t\t\t\t\t<p style=\"text-align: center\"><span class=\"icon icn-check green\">\u00a0<\/span><\/p>\n<h3 style=\"text-align: center\">Legge federale tedesca sulla protezione dei dati e Regolamento generale europeo sulla protezione dei dati (GDPR).<\/h3>\n<p style=\"text-align: center\">Il trattamento dei dati personali \u00e8 disciplinato dalla legge federale sulla protezione dei dati (BDSG) e dal Regolamento generale europeo sulla protezione dei dati (GDPR)<\/p>\n\t\t\t\t\t\t\t\t\t\t\t<\/div><!-- .bs3-grid-builder-child-item -->\r\n\t\t\t\t\t\t\t\t\t\t<\/div><!-- .bs3-grid-col-wrapper -->\t\t\t\t\t\t\t\t\t\t\t<div class=\"col-md-4 col-sm-6 bs3-grid-col-wrapper\">\r\n\t\t\t\t\t\t\t\t\t\t\t<div class=\"bs3-grid-builder-child-item mb-15 bs3-grid-builder-col-2\">\r\n\t\t\t\t\t\t\t\t\t\t\t\t\t<p style=\"text-align: center\"><span class=\"icon icn-check green\">\u00a0<\/span><\/p>\n<h3 style=\"text-align: center\">Autorit\u00e0 per la protezione dei dati<\/h3>\n<p style=\"text-align: center\">Le autorit\u00e0 per la protezione dei dati controllano l\u2019osservanza della BDSG e della GDPR.<\/p>\n\t\t\t\t\t\t\t\t\t\t\t<\/div><!-- .bs3-grid-builder-child-item -->\r\n\t\t\t\t\t\t\t\t\t\t<\/div><!-- .bs3-grid-col-wrapper -->\t\t\t\t\t\t\t\t\t\t\t<div class=\"col-md-4 col-sm-6 bs3-grid-col-wrapper\">\r\n\t\t\t\t\t\t\t\t\t\t\t<div class=\"bs3-grid-builder-child-item mb-15 bs3-grid-builder-col-3\">\r\n\t\t\t\t\t\t\t\t\t\t\t\t\t<p style=\"text-align: center\"><span class=\"icon icn-check green\">\u00a0<\/span><\/p>\n<h3 style=\"text-align: center\">Responsabile della protezione dei dati<\/h3>\n<p style=\"text-align: center\">Il nostro responsabile della protezione dei dati \u00e8 una persona indipendente, a cui tutti gli utenti di Debitos possono rivolgersi.<br \/>\nLe coordinate del responsabile della protezione dei dati sono le seguenti:<\/p>\n<p style=\"text-align: center\">2B Advice GmbH<br \/>\nJoseph-Schumpeter-Allee 25<br \/>\n53227 Bonn<\/p>\n<p style=\"text-align: center\">Telefono:+49-228-92 61 65 120<br \/>\nFax:+49-228-92 61 65 109<br \/>\nE-Mail: <a href=\"mailto:debitos@2b-advice.com\">debitos@2b-advice.com<\/a><\/p>\n\t\t\t\t\t\t\t\t\t\t\t<\/div><!-- .bs3-grid-builder-child-item -->\r\n\t\t\t\t\t\t\t\t\t\t\t\t\t\t\t<\/div><!-- .bs3-grid-col-wrapper -->\r\n\t\t\t\t<\/div><!-- .bs3-grid-builder-row -->\r\n\t\t\t<\/div><!-- .bs3-grid-builder-container -->\r\n\t\t","protected":false},"excerpt":{"rendered":"Contratti giuridicamente sicuri Debitos offre a tutti i partecipanti al suo mercato accordi giuridicamente sicuri La negoziazione dei crediti \u00e8 sottoposta a numerosi requisiti normativi. La legislazione tributaria prevede il corretto pagamento dell&#8217;imposta sul valore aggiunto e il calcolo dei dati economici essenziali. Nell&#8217;elaborazione dei dati personali devono essere rispettate le severe disposizioni della Legge&#8230; <a class=\"view-article\" href=\"https:\/\/www.debitos.com\/it\/security\/\">Visualizza articolo<\/a>","protected":false},"author":1,"featured_media":15172,"parent":0,"menu_order":0,"comment_status":"closed","ping_status":"closed","template":"","meta":{"footnotes":""},"class_list":["post-15171","page","type-page","status-publish","has-post-thumbnail","hentry","bs3-grid-builder-entry"],"acf":[],"_links":{"self":[{"href":"https:\/\/www.debitos.com\/it\/wp-json\/wp\/v2\/pages\/15171","targetHints":{"allow":["GET"]}}],"collection":[{"href":"https:\/\/www.debitos.com\/it\/wp-json\/wp\/v2\/pages"}],"about":[{"href":"https:\/\/www.debitos.com\/it\/wp-json\/wp\/v2\/types\/page"}],"author":[{"embeddable":true,"href":"https:\/\/www.debitos.com\/it\/wp-json\/wp\/v2\/users\/1"}],"replies":[{"embeddable":true,"href":"https:\/\/www.debitos.com\/it\/wp-json\/wp\/v2\/comments?post=15171"}],"version-history":[{"count":20,"href":"https:\/\/www.debitos.com\/it\/wp-json\/wp\/v2\/pages\/15171\/revisions"}],"predecessor-version":[{"id":29029,"href":"https:\/\/www.debitos.com\/it\/wp-json\/wp\/v2\/pages\/15171\/revisions\/29029"}],"wp:featuredmedia":[{"embeddable":true,"href":"https:\/\/www.debitos.com\/it\/wp-json\/wp\/v2\/media\/15172"}],"wp:attachment":[{"href":"https:\/\/www.debitos.com\/it\/wp-json\/wp\/v2\/media?parent=15171"}],"curies":[{"name":"wp","href":"https:\/\/api.w.org\/{rel}","templated":true}]}}