{"id":30528,"date":"2026-02-11T13:34:16","date_gmt":"2026-02-11T12:34:16","guid":{"rendered":"https:\/\/www.debitos.com\/?page_id=30528"},"modified":"2026-02-13T10:30:17","modified_gmt":"2026-02-13T09:30:17","slug":"ai-due-diligence","status":"publish","type":"page","link":"https:\/\/www.debitos.com\/es\/ai-due-diligence\/","title":{"rendered":"AI Due Diligence"},"content":{"rendered":"\t\t<div data-elementor-type=\"wp-page\" data-elementor-id=\"30528\" class=\"elementor elementor-30528 elementor-29916\" data-elementor-post-type=\"page\">\n\t\t\t\t\t\t<section class=\"elementor-section elementor-top-section elementor-element elementor-element-a0c1cb9 elementor-section-full_width elementor-section-height-default elementor-section-height-default\" data-id=\"a0c1cb9\" data-element_type=\"section\" data-e-type=\"section\" data-settings=\"{&quot;background_background&quot;:&quot;classic&quot;}\">\n\t\t\t\t\t\t<div class=\"elementor-container elementor-column-gap-default\">\n\t\t\t\t\t<div class=\"elementor-column elementor-col-100 elementor-top-column elementor-element elementor-element-48e0691\" data-id=\"48e0691\" data-element_type=\"column\" data-e-type=\"column\">\n\t\t\t<div class=\"elementor-widget-wrap elementor-element-populated\">\n\t\t\t\t\t\t<section class=\"elementor-section elementor-inner-section elementor-element elementor-element-a1e54bc elementor-section-boxed elementor-section-height-default elementor-section-height-default\" data-id=\"a1e54bc\" data-element_type=\"section\" data-e-type=\"section\">\n\t\t\t\t\t\t<div class=\"elementor-container elementor-column-gap-default\">\n\t\t\t\t\t<div class=\"elementor-column elementor-col-50 elementor-inner-column elementor-element elementor-element-d2b14e8\" data-id=\"d2b14e8\" data-element_type=\"column\" data-e-type=\"column\" data-settings=\"{&quot;background_background&quot;:&quot;classic&quot;}\">\n\t\t\t<div class=\"elementor-widget-wrap elementor-element-populated\">\n\t\t\t\t\t\t<div class=\"elementor-element elementor-element-b9023be elementor-widget elementor-widget-heading\" data-id=\"b9023be\" data-element_type=\"widget\" data-e-type=\"widget\" data-widget_type=\"heading.default\">\n\t\t\t\t<div class=\"elementor-widget-container\">\n\t\t\t\t\t<h4 class=\"elementor-heading-title elementor-size-default\">Transformar VDRs complejos en conocimientos listos para la toma de decisiones<\/h4>\t\t\t\t<\/div>\n\t\t\t\t<\/div>\n\t\t\t\t<div class=\"elementor-element elementor-element-812060c elementor-align-left elementor-widget elementor-widget-button\" data-id=\"812060c\" data-element_type=\"widget\" data-e-type=\"widget\" data-widget_type=\"button.default\">\n\t\t\t\t<div class=\"elementor-widget-container\">\n\t\t\t\t\t\t\t\t\t<div class=\"elementor-button-wrapper\">\n\t\t\t\t\t<a class=\"elementor-button elementor-button-link elementor-size-sm\" href=\"https:\/\/outlook.office.com\/book\/DebitosGmbHAIduediligencetooldemo@debitos.com\/s\/glM27fIYMkWb7VvUDviuAg2?ismsaljsauthenabled\" target=\"_blank\">\n\t\t\t\t\t\t<span class=\"elementor-button-content-wrapper\">\n\t\t\t\t\t\t\t\t\t<span class=\"elementor-button-text\">Reservar una demo<\/span>\n\t\t\t\t\t<\/span>\n\t\t\t\t\t<\/a>\n\t\t\t\t<\/div>\n\t\t\t\t\t\t\t\t<\/div>\n\t\t\t\t<\/div>\n\t\t\t\t\t<\/div>\n\t\t<\/div>\n\t\t\t\t<div class=\"elementor-column elementor-col-50 elementor-inner-column elementor-element elementor-element-4f276aa\" data-id=\"4f276aa\" data-element_type=\"column\" data-e-type=\"column\">\n\t\t\t<div class=\"elementor-widget-wrap\">\n\t\t\t\t\t\t\t<\/div>\n\t\t<\/div>\n\t\t\t\t\t<\/div>\n\t\t<\/section>\n\t\t\t\t\t<\/div>\n\t\t<\/div>\n\t\t\t\t\t<\/div>\n\t\t<\/section>\n\t\t\t\t<section class=\"elementor-section elementor-top-section elementor-element elementor-element-3ef6506 elementor-section-boxed elementor-section-height-default elementor-section-height-default\" data-id=\"3ef6506\" data-element_type=\"section\" data-e-type=\"section\" id=\"creditor_coordination\" data-settings=\"{&quot;background_background&quot;:&quot;classic&quot;}\">\n\t\t\t\t\t\t<div class=\"elementor-container elementor-column-gap-default\">\n\t\t\t\t\t<div class=\"elementor-column elementor-col-50 elementor-top-column elementor-element elementor-element-c11b4c5\" data-id=\"c11b4c5\" data-element_type=\"column\" data-e-type=\"column\">\n\t\t\t<div class=\"elementor-widget-wrap elementor-element-populated\">\n\t\t\t\t\t\t<div class=\"elementor-element elementor-element-bb1fdc8 animated-fast elementor-invisible elementor-widget elementor-widget-heading\" data-id=\"bb1fdc8\" data-element_type=\"widget\" data-e-type=\"widget\" data-settings=\"{&quot;_animation&quot;:&quot;fadeInDown&quot;}\" data-widget_type=\"heading.default\">\n\t\t\t\t<div class=\"elementor-widget-container\">\n\t\t\t\t\t<h2 class=\"elementor-heading-title elementor-size-default\">\u00bfQu\u00e9 es AIDD?<\/h2>\t\t\t\t<\/div>\n\t\t\t\t<\/div>\n\t\t\t\t<div class=\"elementor-element elementor-element-c6b7c77 animated-fast elementor-invisible elementor-widget elementor-widget-text-editor\" data-id=\"c6b7c77\" data-element_type=\"widget\" data-e-type=\"widget\" data-settings=\"{&quot;_animation&quot;:&quot;fadeInUp&quot;}\" data-widget_type=\"text-editor.default\">\n\t\t\t\t<div class=\"elementor-widget-container\">\n\t\t\t\t\t\t\t\t\t<ul><li><strong data-start=\"570\" data-end=\"590\">AI Due Diligence<\/strong> es un asistente basado en IA<br \/><br \/><\/li><li>Integrado completamente y conforme en la plataforma Debitos<br \/><p>\u00a0<\/p><\/li><li>Acelera y mejora la due diligence comprendiendo, estructurando y resumiendo conjuntos de documentos grandes y complejos al instante<\/li><\/ul>\t\t\t\t\t\t\t\t<\/div>\n\t\t\t\t<\/div>\n\t\t\t\t<div class=\"elementor-element elementor-element-078ba24 animated-fast elementor-invisible elementor-widget elementor-widget-text-editor\" data-id=\"078ba24\" data-element_type=\"widget\" data-e-type=\"widget\" data-settings=\"{&quot;_animation&quot;:&quot;fadeInUp&quot;}\" data-widget_type=\"text-editor.default\">\n\t\t\t\t<div class=\"elementor-widget-container\">\n\t\t\t\t\t\t\t\t\t<p><strong><em>\u00abCon AIDD, estamos entrando en una nueva era<br data-start=\"905\" data-end=\"908\" \/>en la due diligence para mercados de cr\u00e9dito il\u00edquidos y complejos.\u00bb<\/em><\/strong><\/p><p>Timur Peters, CEO Debitos GmbH<\/p>\t\t\t\t\t\t\t\t<\/div>\n\t\t\t\t<\/div>\n\t\t\t\t<div class=\"elementor-element elementor-element-7df3fd6 elementor-align-left elementor-widget elementor-widget-button\" data-id=\"7df3fd6\" data-element_type=\"widget\" data-e-type=\"widget\" data-settings=\"{&quot;sticky&quot;:&quot;top&quot;,&quot;sticky_offset&quot;:100,&quot;sticky_on&quot;:[&quot;desktop&quot;,&quot;tablet&quot;,&quot;mobile&quot;],&quot;sticky_effects_offset&quot;:0,&quot;sticky_anchor_link_offset&quot;:0}\" data-widget_type=\"button.default\">\n\t\t\t\t<div class=\"elementor-widget-container\">\n\t\t\t\t\t\t\t\t\t<div class=\"elementor-button-wrapper\">\n\t\t\t\t\t<a class=\"elementor-button elementor-button-link elementor-size-sm\" href=\"https:\/\/outlook.office.com\/book\/DebitosGmbHAIduediligencetooldemo@debitos.com\/s\/glM27fIYMkWb7VvUDviuAg2?ismsaljsauthenabled\" target=\"_blank\">\n\t\t\t\t\t\t<span class=\"elementor-button-content-wrapper\">\n\t\t\t\t\t\t\t\t\t<span class=\"elementor-button-text\">Reservar una demo<\/span>\n\t\t\t\t\t<\/span>\n\t\t\t\t\t<\/a>\n\t\t\t\t<\/div>\n\t\t\t\t\t\t\t\t<\/div>\n\t\t\t\t<\/div>\n\t\t\t\t\t<\/div>\n\t\t<\/div>\n\t\t\t\t<div class=\"elementor-column elementor-col-50 elementor-top-column elementor-element elementor-element-28bb1af animated-fast elementor-invisible\" data-id=\"28bb1af\" data-element_type=\"column\" data-e-type=\"column\" data-settings=\"{&quot;animation&quot;:&quot;fadeInRight&quot;}\">\n\t\t\t<div class=\"elementor-widget-wrap elementor-element-populated\">\n\t\t\t\t\t\t<div class=\"elementor-element elementor-element-826b850 elementor-invisible elementor-widget elementor-widget-image\" data-id=\"826b850\" data-element_type=\"widget\" data-e-type=\"widget\" data-settings=\"{&quot;motion_fx_motion_fx_scrolling&quot;:&quot;yes&quot;,&quot;motion_fx_translateY_effect&quot;:&quot;yes&quot;,&quot;motion_fx_translateY_speed&quot;:{&quot;unit&quot;:&quot;px&quot;,&quot;size&quot;:2,&quot;sizes&quot;:[]},&quot;motion_fx_scale_effect&quot;:&quot;yes&quot;,&quot;motion_fx_scale_direction&quot;:&quot;in-out&quot;,&quot;motion_fx_scale_speed&quot;:{&quot;unit&quot;:&quot;px&quot;,&quot;size&quot;:1,&quot;sizes&quot;:[]},&quot;motion_fx_scale_range&quot;:{&quot;unit&quot;:&quot;%&quot;,&quot;size&quot;:&quot;&quot;,&quot;sizes&quot;:{&quot;start&quot;:0,&quot;end&quot;:40}},&quot;_animation&quot;:&quot;fadeInRight&quot;,&quot;motion_fx_translateY_affectedRange&quot;:{&quot;unit&quot;:&quot;%&quot;,&quot;size&quot;:&quot;&quot;,&quot;sizes&quot;:{&quot;start&quot;:0,&quot;end&quot;:100}},&quot;motion_fx_devices&quot;:[&quot;desktop&quot;,&quot;tablet&quot;,&quot;mobile&quot;]}\" data-widget_type=\"image.default\">\n\t\t\t\t<div class=\"elementor-widget-container\">\n\t\t\t\t\t\t\t\t\t\t\t\t\t\t\t<img fetchpriority=\"high\" decoding=\"async\" width=\"800\" height=\"795\" src=\"https:\/\/www.debitos.com\/wp-content\/uploads\/2026\/02\/26021-PF-vdr_ai_chatbot-resize-800-optimize-30.gif\" class=\"attachment-full size-full wp-image-30113\" alt=\"AIDD\" \/>\t\t\t\t\t\t\t\t\t\t\t\t\t\t\t<\/div>\n\t\t\t\t<\/div>\n\t\t\t\t\t<\/div>\n\t\t<\/div>\n\t\t\t\t\t<\/div>\n\t\t<\/section>\n\t\t\t\t<section class=\"elementor-section elementor-top-section elementor-element elementor-element-4d7bba7 elementor-section-boxed elementor-section-height-default elementor-section-height-default\" data-id=\"4d7bba7\" data-element_type=\"section\" data-e-type=\"section\" data-settings=\"{&quot;background_background&quot;:&quot;classic&quot;}\">\n\t\t\t\t\t\t<div class=\"elementor-container elementor-column-gap-default\">\n\t\t\t\t\t<div class=\"elementor-column elementor-col-50 elementor-top-column elementor-element elementor-element-c853231\" data-id=\"c853231\" data-element_type=\"column\" data-e-type=\"column\">\n\t\t\t<div class=\"elementor-widget-wrap elementor-element-populated\">\n\t\t\t\t\t\t<div class=\"elementor-element elementor-element-f9231fc animated-fast elementor-invisible elementor-widget elementor-widget-heading\" data-id=\"f9231fc\" data-element_type=\"widget\" data-e-type=\"widget\" data-settings=\"{&quot;_animation&quot;:&quot;fadeInDown&quot;}\" data-widget_type=\"heading.default\">\n\t\t\t\t<div class=\"elementor-widget-container\">\n\t\t\t\t\t<h2 class=\"elementor-heading-title elementor-size-default\">Valor medible para compradores y vendedores para reducir esfuerzos<\/h2>\t\t\t\t<\/div>\n\t\t\t\t<\/div>\n\t\t\t\t<section class=\"elementor-section elementor-inner-section elementor-element elementor-element-b86b28f elementor-section-boxed elementor-section-height-default elementor-section-height-default\" data-id=\"b86b28f\" data-element_type=\"section\" data-e-type=\"section\">\n\t\t\t\t\t\t<div class=\"elementor-container elementor-column-gap-default\">\n\t\t\t\t\t<div class=\"elementor-column elementor-col-50 elementor-inner-column elementor-element elementor-element-ac5cc07\" data-id=\"ac5cc07\" data-element_type=\"column\" data-e-type=\"column\">\n\t\t\t<div class=\"elementor-widget-wrap elementor-element-populated\">\n\t\t\t\t\t\t<div class=\"elementor-element elementor-element-4a996cd elementor-invisible elementor-widget elementor-widget-text-editor\" data-id=\"4a996cd\" data-element_type=\"widget\" data-e-type=\"widget\" data-settings=\"{&quot;_animation&quot;:&quot;fadeInUp&quot;}\" data-widget_type=\"text-editor.default\">\n\t\t\t\t<div class=\"elementor-widget-container\">\n\t\t\t\t\t\t\t\t\t<h2><strong>En el lado del comprador:<\/strong><\/h2>\t\t\t\t\t\t\t\t<\/div>\n\t\t\t\t<\/div>\n\t\t\t\t<div class=\"elementor-element elementor-element-45b02df elementor-invisible elementor-widget elementor-widget-text-editor\" data-id=\"45b02df\" data-element_type=\"widget\" data-e-type=\"widget\" data-settings=\"{&quot;_animation&quot;:&quot;fadeInUp&quot;}\" data-widget_type=\"text-editor.default\">\n\t\t\t\t<div class=\"elementor-widget-container\">\n\t\t\t\t\t\t\t\t\t<h2><strong>&gt; 75 %<\/strong><\/h2><p>reducci\u00f3n de tiempo y costes de due diligence<\/p>\t\t\t\t\t\t\t\t<\/div>\n\t\t\t\t<\/div>\n\t\t\t\t<div class=\"elementor-element elementor-element-57b6db0 elementor-invisible elementor-widget elementor-widget-text-editor\" data-id=\"57b6db0\" data-element_type=\"widget\" data-e-type=\"widget\" data-settings=\"{&quot;_animation&quot;:&quot;fadeInUp&quot;}\" data-widget_type=\"text-editor.default\">\n\t\t\t\t<div class=\"elementor-widget-container\">\n\t\t\t\t\t\t\t\t\t<h2>\u00a0<strong>&gt; 85 %<\/strong><\/h2><p>disminuci\u00f3n de Q&amp;A abiertos<\/p>\t\t\t\t\t\t\t\t<\/div>\n\t\t\t\t<\/div>\n\t\t\t\t<div class=\"elementor-element elementor-element-2192f07 elementor-view-default elementor-invisible elementor-widget elementor-widget-icon\" data-id=\"2192f07\" data-element_type=\"widget\" data-e-type=\"widget\" data-settings=\"{&quot;_animation&quot;:&quot;fadeInUp&quot;}\" data-widget_type=\"icon.default\">\n\t\t\t\t<div class=\"elementor-widget-container\">\n\t\t\t\t\t\t\t<div class=\"elementor-icon-wrapper\">\n\t\t\t<div class=\"elementor-icon\">\n\t\t\t<i aria-hidden=\"true\" class=\"far fa-clock\"><\/i>\t\t\t<\/div>\n\t\t<\/div>\n\t\t\t\t\t\t<\/div>\n\t\t\t\t<\/div>\n\t\t\t\t<div class=\"elementor-element elementor-element-ec57bd3 elementor-invisible elementor-widget elementor-widget-text-editor\" data-id=\"ec57bd3\" data-element_type=\"widget\" data-e-type=\"widget\" data-settings=\"{&quot;_animation&quot;:&quot;fadeInUp&quot;}\" data-widget_type=\"text-editor.default\">\n\t\t\t\t<div class=\"elementor-widget-container\">\n\t\t\t\t\t\t\t\t\t<p>Acelera significativamente la subscripci\u00f3n creando bases de decisi\u00f3n estructuradas y listas para comit\u00e9 de cr\u00e9dito<\/p>\t\t\t\t\t\t\t\t<\/div>\n\t\t\t\t<\/div>\n\t\t\t\t\t<\/div>\n\t\t<\/div>\n\t\t\t\t<div class=\"elementor-column elementor-col-50 elementor-inner-column elementor-element elementor-element-9e42697\" data-id=\"9e42697\" data-element_type=\"column\" data-e-type=\"column\">\n\t\t\t<div class=\"elementor-widget-wrap elementor-element-populated\">\n\t\t\t\t\t\t<div class=\"elementor-element elementor-element-88b9d51 elementor-invisible elementor-widget elementor-widget-text-editor\" data-id=\"88b9d51\" data-element_type=\"widget\" data-e-type=\"widget\" data-settings=\"{&quot;_animation&quot;:&quot;fadeInUp&quot;}\" data-widget_type=\"text-editor.default\">\n\t\t\t\t<div class=\"elementor-widget-container\">\n\t\t\t\t\t\t\t\t\t<h2><strong>En el lado del vendedor:<\/strong><\/h2>\t\t\t\t\t\t\t\t<\/div>\n\t\t\t\t<\/div>\n\t\t\t\t<div class=\"elementor-element elementor-element-bc22349 elementor-invisible elementor-widget elementor-widget-text-editor\" data-id=\"bc22349\" data-element_type=\"widget\" data-e-type=\"widget\" data-settings=\"{&quot;_animation&quot;:&quot;fadeInUp&quot;}\" data-widget_type=\"text-editor.default\">\n\t\t\t\t<div class=\"elementor-widget-container\">\n\t\t\t\t\t\t\t\t\t<h2><strong>&gt; 30 %<\/strong><\/h2><p>menos carga de trabajo<\/p>\t\t\t\t\t\t\t\t<\/div>\n\t\t\t\t<\/div>\n\t\t\t\t<div class=\"elementor-element elementor-element-8b26a4d elementor-invisible elementor-widget elementor-widget-text-editor\" data-id=\"8b26a4d\" data-element_type=\"widget\" data-e-type=\"widget\" data-settings=\"{&quot;_animation&quot;:&quot;fadeInUp&quot;}\" data-widget_type=\"text-editor.default\">\n\t\t\t\t<div class=\"elementor-widget-container\">\n\t\t\t\t\t\t\t\t\t<h2><strong>&gt; 60 %<\/strong><\/h2><p>m\u00e1s enfoque en preguntas relevantes<\/p>\t\t\t\t\t\t\t\t<\/div>\n\t\t\t\t<\/div>\n\t\t\t\t<div class=\"elementor-element elementor-element-f819dc5 elementor-view-default elementor-invisible elementor-widget elementor-widget-icon\" data-id=\"f819dc5\" data-element_type=\"widget\" data-e-type=\"widget\" data-settings=\"{&quot;_animation&quot;:&quot;fadeInUp&quot;}\" data-widget_type=\"icon.default\">\n\t\t\t\t<div class=\"elementor-widget-container\">\n\t\t\t\t\t\t\t<div class=\"elementor-icon-wrapper\">\n\t\t\t<div class=\"elementor-icon\">\n\t\t\t<i aria-hidden=\"true\" class=\"fas fa-signal\"><\/i>\t\t\t<\/div>\n\t\t<\/div>\n\t\t\t\t\t\t<\/div>\n\t\t\t\t<\/div>\n\t\t\t\t<div class=\"elementor-element elementor-element-a086848 elementor-invisible elementor-widget elementor-widget-text-editor\" data-id=\"a086848\" data-element_type=\"widget\" data-e-type=\"widget\" data-settings=\"{&quot;_animation&quot;:&quot;fadeInUp&quot;}\" data-widget_type=\"text-editor.default\">\n\t\t\t\t<div class=\"elementor-widget-container\">\n\t\t\t\t\t\t\t\t\t<p>Aumenta significativamente el n\u00famero de ofertas no vinculantes y vinculantes<\/p>\t\t\t\t\t\t\t\t<\/div>\n\t\t\t\t<\/div>\n\t\t\t\t\t<\/div>\n\t\t<\/div>\n\t\t\t\t\t<\/div>\n\t\t<\/section>\n\t\t\t\t\t<\/div>\n\t\t<\/div>\n\t\t\t\t<div class=\"elementor-column elementor-col-50 elementor-top-column elementor-element elementor-element-d765b95\" data-id=\"d765b95\" data-element_type=\"column\" data-e-type=\"column\">\n\t\t\t<div class=\"elementor-widget-wrap elementor-element-populated\">\n\t\t\t\t\t\t<div class=\"elementor-element elementor-element-5126c33 animated-fast elementor-invisible elementor-widget elementor-widget-text-editor\" data-id=\"5126c33\" data-element_type=\"widget\" data-e-type=\"widget\" data-settings=\"{&quot;_animation&quot;:&quot;fadeInUp&quot;}\" data-widget_type=\"text-editor.default\">\n\t\t\t\t<div class=\"elementor-widget-container\">\n\t\t\t\t\t\t\t\t\t<h4>Ideal para transacciones internacionales y complejas<\/h4><p>AIDD soporta <strong data-start=\"1917\" data-end=\"1938\">m\u00faltiples idiomas<\/strong> as\u00ed como <strong data-start=\"1948\" data-end=\"1986\">diferentes marcos legales europeos<\/strong>, haciendo que sea especialmente adecuado para <strong data-start=\"2035\" data-end=\"2069\">transacciones transfronterizas<\/strong>. Los inversores y bancos internacionales se benefician de una base anal\u00edtica estructurada y consistente \u2013 independientemente del idioma del documento, jurisdicci\u00f3n o tipo de activo.<\/p><h4>\u00a0<\/h4><h4>Seguridad, cumplimiento y transparencia como n\u00facleo fundamental<\/h4><p data-start=\"279\" data-end=\"583\">El sistema ha sido dise\u00f1ado para su uso en entornos financieros regulados. El procesamiento se realiza en una infraestructura cloud empresarial alojada en la UE, con control de acceso basado en roles y un registro completo de auditor\u00eda de todos los accesos a documentos y de las interacciones de la IA. El tratamiento de los datos cumple con el GDPR. Los datos de clientes <strong data-start=\"655\" data-end=\"713\">nunca se utilizan para entrenar modelos p\u00fablicos de IA<\/strong>. Todas las salidas son <strong data-start=\"737\" data-end=\"785\">explicables, basadas en fuentes y auditables<\/strong>.<\/p>\t\t\t\t\t\t\t\t<\/div>\n\t\t\t\t<\/div>\n\t\t\t\t\t<\/div>\n\t\t<\/div>\n\t\t\t\t\t<\/div>\n\t\t<\/section>\n\t\t\t\t<\/div>\n\t\t","protected":false},"excerpt":{"rendered":"Transformar VDRs complejos en conocimientos listos para la toma de decisiones Reservar una demo \u00bfQu\u00e9 es AIDD? AI Due Diligence es un asistente basado en IA Integrado completamente y conforme en la plataforma Debitos \u00a0 Acelera y mejora la due diligence comprendiendo, estructurando y resumiendo conjuntos de documentos grandes y complejos al instante \u00abCon AIDD,&#8230; <a class=\"view-article\" href=\"https:\/\/www.debitos.com\/es\/ai-due-diligence\/\">Ver art\u00edculo<\/a>","protected":false},"author":17,"featured_media":0,"parent":0,"menu_order":0,"comment_status":"closed","ping_status":"closed","template":"","meta":{"footnotes":""},"class_list":["post-30528","page","type-page","status-publish","hentry"],"acf":[],"_links":{"self":[{"href":"https:\/\/www.debitos.com\/es\/wp-json\/wp\/v2\/pages\/30528","targetHints":{"allow":["GET"]}}],"collection":[{"href":"https:\/\/www.debitos.com\/es\/wp-json\/wp\/v2\/pages"}],"about":[{"href":"https:\/\/www.debitos.com\/es\/wp-json\/wp\/v2\/types\/page"}],"author":[{"embeddable":true,"href":"https:\/\/www.debitos.com\/es\/wp-json\/wp\/v2\/users\/17"}],"replies":[{"embeddable":true,"href":"https:\/\/www.debitos.com\/es\/wp-json\/wp\/v2\/comments?post=30528"}],"version-history":[{"count":3,"href":"https:\/\/www.debitos.com\/es\/wp-json\/wp\/v2\/pages\/30528\/revisions"}],"predecessor-version":[{"id":30531,"href":"https:\/\/www.debitos.com\/es\/wp-json\/wp\/v2\/pages\/30528\/revisions\/30531"}],"wp:attachment":[{"href":"https:\/\/www.debitos.com\/es\/wp-json\/wp\/v2\/media?parent=30528"}],"curies":[{"name":"wp","href":"https:\/\/api.w.org\/{rel}","templated":true}]}}