{"id":30419,"date":"2026-02-11T20:13:12","date_gmt":"2026-02-11T19:13:12","guid":{"rendered":"https:\/\/www.debitos.com\/?page_id=30419"},"modified":"2026-02-12T10:47:28","modified_gmt":"2026-02-12T09:47:28","slug":"immobilien","status":"publish","type":"page","link":"https:\/\/www.debitos.com\/de\/immobilien\/","title":{"rendered":"Immobilien"},"content":{"rendered":"\t\t<div data-elementor-type=\"wp-page\" data-elementor-id=\"30419\" class=\"elementor elementor-30419 elementor-30195\" data-elementor-post-type=\"page\">\n\t\t\t\t\t\t<section class=\"elementor-section elementor-top-section elementor-element elementor-element-a0c1cb9 elementor-section-full_width elementor-section-height-default elementor-section-height-default\" data-id=\"a0c1cb9\" data-element_type=\"section\" data-e-type=\"section\" data-settings=\"{&quot;background_background&quot;:&quot;classic&quot;}\">\n\t\t\t\t\t\t<div class=\"elementor-container elementor-column-gap-default\">\n\t\t\t\t\t<div class=\"elementor-column elementor-col-100 elementor-top-column elementor-element elementor-element-48e0691\" data-id=\"48e0691\" data-element_type=\"column\" data-e-type=\"column\">\n\t\t\t<div class=\"elementor-widget-wrap elementor-element-populated\">\n\t\t\t\t\t\t<section class=\"elementor-section elementor-inner-section elementor-element elementor-element-a1e54bc elementor-section-boxed elementor-section-height-default elementor-section-height-default\" data-id=\"a1e54bc\" data-element_type=\"section\" data-e-type=\"section\">\n\t\t\t\t\t\t<div class=\"elementor-container elementor-column-gap-default\">\n\t\t\t\t\t<div class=\"elementor-column elementor-col-50 elementor-inner-column elementor-element elementor-element-d2b14e8\" data-id=\"d2b14e8\" data-element_type=\"column\" data-e-type=\"column\" data-settings=\"{&quot;background_background&quot;:&quot;classic&quot;}\">\n\t\t\t<div class=\"elementor-widget-wrap elementor-element-populated\">\n\t\t\t\t\t\t<div class=\"elementor-element elementor-element-c8d3157 elementor-widget elementor-widget-heading\" data-id=\"c8d3157\" data-element_type=\"widget\" data-e-type=\"widget\" data-widget_type=\"heading.default\">\n\t\t\t\t<div class=\"elementor-widget-container\">\n\t\t\t\t\t<h1 class=\"elementor-heading-title elementor-size-default\">Immobilien<\/h1>\t\t\t\t<\/div>\n\t\t\t\t<\/div>\n\t\t\t\t<div class=\"elementor-element elementor-element-b9023be elementor-widget elementor-widget-heading\" data-id=\"b9023be\" data-element_type=\"widget\" data-e-type=\"widget\" data-widget_type=\"heading.default\">\n\t\t\t\t<div class=\"elementor-widget-container\">\n\t\t\t\t\t<h4 class=\"elementor-heading-title elementor-size-default\">Wandeln Sie gewerbliches Immobilien-Eigenkapital, Forderungen und notleidende Kredite in Liquidit\u00e4t um \u2013 auf Europas f\u00fchrendem digitalen Sekund\u00e4rmarkt.<\/h4>\t\t\t\t<\/div>\n\t\t\t\t<\/div>\n\t\t\t\t<div class=\"elementor-element elementor-element-812060c elementor-align-left elementor-widget elementor-widget-button\" data-id=\"812060c\" data-element_type=\"widget\" data-e-type=\"widget\" data-widget_type=\"button.default\">\n\t\t\t\t<div class=\"elementor-widget-container\">\n\t\t\t\t\t\t\t\t\t<div class=\"elementor-button-wrapper\">\n\t\t\t\t\t<a class=\"elementor-button elementor-button-link elementor-size-sm\" href=\"https:\/\/outlook.office.com\/book\/CallMeetingBorisHardi@debitos.com\/?ismsaljsauthenabled=true\" target=\"_blank\">\n\t\t\t\t\t\t<span class=\"elementor-button-content-wrapper\">\n\t\t\t\t\t\t\t\t\t<span class=\"elementor-button-text\">Jetzt Bewertung anfordern &amp; Termin buchen<\/span>\n\t\t\t\t\t<\/span>\n\t\t\t\t\t<\/a>\n\t\t\t\t<\/div>\n\t\t\t\t\t\t\t\t<\/div>\n\t\t\t\t<\/div>\n\t\t\t\t\t<\/div>\n\t\t<\/div>\n\t\t\t\t<div class=\"elementor-column elementor-col-50 elementor-inner-column elementor-element elementor-element-4f276aa\" data-id=\"4f276aa\" data-element_type=\"column\" data-e-type=\"column\">\n\t\t\t<div class=\"elementor-widget-wrap\">\n\t\t\t\t\t\t\t<\/div>\n\t\t<\/div>\n\t\t\t\t\t<\/div>\n\t\t<\/section>\n\t\t\t\t\t<\/div>\n\t\t<\/div>\n\t\t\t\t\t<\/div>\n\t\t<\/section>\n\t\t\t\t<section class=\"elementor-section elementor-top-section elementor-element elementor-element-3ef6506 elementor-section-boxed elementor-section-height-default elementor-section-height-default\" data-id=\"3ef6506\" data-element_type=\"section\" data-e-type=\"section\" id=\"creditor_coordination\" data-settings=\"{&quot;background_background&quot;:&quot;classic&quot;}\">\n\t\t\t\t\t\t<div class=\"elementor-container elementor-column-gap-default\">\n\t\t\t\t\t<div class=\"elementor-column elementor-col-50 elementor-top-column elementor-element elementor-element-c11b4c5\" data-id=\"c11b4c5\" data-element_type=\"column\" data-e-type=\"column\">\n\t\t\t<div class=\"elementor-widget-wrap elementor-element-populated\">\n\t\t\t\t\t\t<div class=\"elementor-element elementor-element-bb1fdc8 animated-fast elementor-widget__width-initial elementor-invisible elementor-widget elementor-widget-heading\" data-id=\"bb1fdc8\" data-element_type=\"widget\" data-e-type=\"widget\" data-settings=\"{&quot;_animation&quot;:&quot;fadeInDown&quot;}\" data-widget_type=\"heading.default\">\n\t\t\t\t<div class=\"elementor-widget-container\">\n\t\t\t\t\t<h2 class=\"elementor-heading-title elementor-size-default\">Die Maturity Wall 2026 meistern: <\/h2>\t\t\t\t<\/div>\n\t\t\t\t<\/div>\n\t\t\t\t<div class=\"elementor-element elementor-element-2065331 animated-fast elementor-invisible elementor-widget elementor-widget-heading\" data-id=\"2065331\" data-element_type=\"widget\" data-e-type=\"widget\" data-settings=\"{&quot;_animation&quot;:&quot;fadeInDown&quot;}\" data-widget_type=\"heading.default\">\n\t\t\t\t<div class=\"elementor-widget-container\">\n\t\t\t\t\t<h2 class=\"elementor-heading-title elementor-size-default\">Der f\u00fchrende digitale Marktplatz f\u00fcr Immobilienkredite &amp; Equity<\/h2>\t\t\t\t<\/div>\n\t\t\t\t<\/div>\n\t\t\t\t<div class=\"elementor-element elementor-element-3a98a20 animated-fast elementor-invisible elementor-widget elementor-widget-text-editor\" data-id=\"3a98a20\" data-element_type=\"widget\" data-e-type=\"widget\" data-settings=\"{&quot;_animation&quot;:&quot;fadeInUp&quot;}\" data-widget_type=\"text-editor.default\">\n\t\t\t\t<div class=\"elementor-widget-container\">\n\t\t\t\t\t\t\t\t\t<p>Lassen Sie nicht zu, dass Altbest\u00e4nde Ihre Ressourcen binden.<br data-start=\"62\" data-end=\"65\" \/>Entdecken Sie noch heute die Effizienz des Sekund\u00e4rmarkts f\u00fcr Forderungen.<\/p>\t\t\t\t\t\t\t\t<\/div>\n\t\t\t\t<\/div>\n\t\t\t\t<div class=\"elementor-element elementor-element-7df3fd6 elementor-align-left elementor-widget elementor-widget-button\" data-id=\"7df3fd6\" data-element_type=\"widget\" data-e-type=\"widget\" data-settings=\"{&quot;sticky&quot;:&quot;top&quot;,&quot;sticky_offset&quot;:100,&quot;sticky_on&quot;:[&quot;desktop&quot;,&quot;tablet&quot;,&quot;mobile&quot;],&quot;sticky_effects_offset&quot;:0,&quot;sticky_anchor_link_offset&quot;:0}\" data-widget_type=\"button.default\">\n\t\t\t\t<div class=\"elementor-widget-container\">\n\t\t\t\t\t\t\t\t\t<div class=\"elementor-button-wrapper\">\n\t\t\t\t\t<a class=\"elementor-button elementor-button-link elementor-size-sm\" href=\"https:\/\/outlook.office.com\/book\/CallMeetingBorisHardi@debitos.com\/?ismsaljsauthenabled=true\" target=\"_blank\">\n\t\t\t\t\t\t<span class=\"elementor-button-content-wrapper\">\n\t\t\t\t\t\t\t\t\t<span class=\"elementor-button-text\">Jetzt Bewertung anfordern &amp; Termin buchen<\/span>\n\t\t\t\t\t<\/span>\n\t\t\t\t\t<\/a>\n\t\t\t\t<\/div>\n\t\t\t\t\t\t\t\t<\/div>\n\t\t\t\t<\/div>\n\t\t\t\t\t<\/div>\n\t\t<\/div>\n\t\t\t\t<div class=\"elementor-column elementor-col-50 elementor-top-column elementor-element elementor-element-3946466\" data-id=\"3946466\" data-element_type=\"column\" data-e-type=\"column\">\n\t\t\t<div class=\"elementor-widget-wrap elementor-element-populated\">\n\t\t\t\t\t\t<div class=\"elementor-element elementor-element-9f83dbc animated-fast elementor-invisible elementor-widget elementor-widget-text-editor\" data-id=\"9f83dbc\" data-element_type=\"widget\" data-e-type=\"widget\" data-settings=\"{&quot;_animation&quot;:&quot;fadeInUp&quot;}\" data-widget_type=\"text-editor.default\">\n\t\t\t\t<div class=\"elementor-widget-container\">\n\t\t\t\t\t\t\t\t\t<p><span data-teams=\"true\">Die europ\u00e4ische Finanzlandschaft steht an einem entscheidenden Wendepunkt. W\u00e4hrend sich die \u201eMaturity Wall\u201c bei gewerblichen Immobilienfinanzierungen zuspitzt, stehen Finanzinstitute in den n\u00e4chsten 2\u20133 Jahren vor einem Refinanzierungsbedarf von hunderten Milliarden Euro. Gleichzeitig steigen die Volumina von Stage-2-Krediten und Non-Performing Loans (NPLs) in der EU und Deutschland sp\u00fcrbar an. Dies setzt interne Workout-Teams, die bereits an ihrer Kapazit\u00e4tsgrenze arbeiten, unter beispiellosen Druck. In diesem Umfeld wird das Festhalten an langsamen, intransparenten bilateralen Verhandlungen zum Risiko.<\/span><\/p><p>\u00a0<\/p><p><span data-teams=\"true\">Debitos ver\u00e4ndert grundlegend, wie Banken und Fonds diese Herausforderungen bew\u00e4ltigen. <strong>Als Europas etablierter digitaler Sekund\u00e4rmarkt ersetzen wir die Reibungsverluste traditioneller Transaktionen durch ein schlankes, transparentes \u00d6kosystem<\/strong>. Wir sind spezialisiert auf den Verkauf von Sub-Performing Loans, Unlikely-to-Pay (UTP)-Engagements und notleidenden Immobilienwerten (REOs). Durch die Digitalisierung des Transaktionszyklus umgehen Sie die Engp\u00e4sse klassischer Sell-Side-Beratung und verbinden Ihre Assets direkt mit einem tiefen Pool qualifizierter internationaler Investoren. Es geht hierbei nicht nur um den Verkauf von Forderungen; es geht um proaktive Bilanzoptimierung und die R\u00fcckgewinnung operativer Agilit\u00e4t.<\/span><\/p>\t\t\t\t\t\t\t\t<\/div>\n\t\t\t\t<\/div>\n\t\t\t\t\t<\/div>\n\t\t<\/div>\n\t\t\t\t\t<\/div>\n\t\t<\/section>\n\t\t\t\t<section class=\"elementor-section elementor-top-section elementor-element elementor-element-4d7bba7 elementor-section-boxed elementor-section-height-default elementor-section-height-default\" data-id=\"4d7bba7\" data-element_type=\"section\" data-e-type=\"section\" data-settings=\"{&quot;background_background&quot;:&quot;classic&quot;}\">\n\t\t\t\t\t\t<div class=\"elementor-container elementor-column-gap-default\">\n\t\t\t\t\t<div class=\"elementor-column elementor-col-100 elementor-top-column elementor-element elementor-element-c853231\" data-id=\"c853231\" data-element_type=\"column\" data-e-type=\"column\">\n\t\t\t<div class=\"elementor-widget-wrap elementor-element-populated\">\n\t\t\t\t\t\t<div class=\"elementor-element elementor-element-f9231fc animated-fast elementor-invisible elementor-widget elementor-widget-heading\" data-id=\"f9231fc\" data-element_type=\"widget\" data-e-type=\"widget\" data-settings=\"{&quot;_animation&quot;:&quot;fadeInDown&quot;}\" data-widget_type=\"heading.default\">\n\t\t\t\t<div class=\"elementor-widget-container\">\n\t\t\t\t\t<h2 class=\"elementor-heading-title elementor-size-default\">Warum f\u00fchrende Finanzinstitute auf das Debitos-\u00d6kosystem vertrauen<\/h2>\t\t\t\t<\/div>\n\t\t\t\t<\/div>\n\t\t\t\t<section class=\"elementor-section elementor-inner-section elementor-element elementor-element-62aaec7 elementor-section-boxed elementor-section-height-default elementor-section-height-default\" data-id=\"62aaec7\" data-element_type=\"section\" data-e-type=\"section\">\n\t\t\t\t\t\t<div class=\"elementor-container elementor-column-gap-default\">\n\t\t\t\t\t<div class=\"elementor-column elementor-col-50 elementor-inner-column elementor-element elementor-element-9a9b176\" data-id=\"9a9b176\" data-element_type=\"column\" data-e-type=\"column\">\n\t\t\t<div class=\"elementor-widget-wrap elementor-element-populated\">\n\t\t\t\t\t\t<div class=\"elementor-element elementor-element-078ba24 animated-fast elementor-invisible elementor-widget elementor-widget-text-editor\" data-id=\"078ba24\" data-element_type=\"widget\" data-e-type=\"widget\" data-settings=\"{&quot;_animation&quot;:&quot;fadeInUp&quot;}\" data-widget_type=\"text-editor.default\">\n\t\t\t\t<div class=\"elementor-widget-container\">\n\t\t\t\t\t\t\t\t\t<ul><li><strong><span data-teams=\"true\">Un\u00fcbertroffene Transaktionsgeschwindigkeit<\/span>:<\/strong> <br \/><span data-teams=\"true\">Wir verk\u00fcrzen den Ver\u00e4u\u00dferungszyklus drastisch und erm\u00f6glichen den Abschluss komplexer Transaktionen in nur 3\u20139 Monaten \u2013 verglichen mit dem Branchendurchschnitt von 18\u201336 Monaten bei traditionellen bilateralen Prozessen.<\/span><br \/><br \/><\/li><li><strong><span data-teams=\"true\">Maximierte Nettoerl\u00f6se durch Wettbewerb<\/span>:<\/strong> <br \/><span data-teams=\"true\">Unser transparenter Auktionsmechanismus erzeugt echten Preisdruck unter den Bietern und liefert konstant h\u00f6here Nettoergebnisse als isolierte Verk\u00e4ufe ohne Wettbewerb.<\/span><br \/><br \/><\/li><li><strong><span data-teams=\"true\">Umfassende regulatorische Compliance<\/span>:<\/strong> <br \/><span data-teams=\"true\">Wir bieten eine sichere Umgebung f\u00fcr Ihre Daten; unsere gesamte Plattform und Prozessstruktur sind vollst\u00e4ndig DSGVO- und EBA-konform und erf\u00fcllen strengste Bankstandards.<\/span><\/li><\/ul>\t\t\t\t\t\t\t\t<\/div>\n\t\t\t\t<\/div>\n\t\t\t\t\t<\/div>\n\t\t<\/div>\n\t\t\t\t<div class=\"elementor-column elementor-col-50 elementor-inner-column elementor-element elementor-element-3bfd3f6\" data-id=\"3bfd3f6\" data-element_type=\"column\" data-e-type=\"column\">\n\t\t\t<div class=\"elementor-widget-wrap elementor-element-populated\">\n\t\t\t\t\t\t<div class=\"elementor-element elementor-element-995fdc2 animated-fast elementor-invisible elementor-widget elementor-widget-text-editor\" data-id=\"995fdc2\" data-element_type=\"widget\" data-e-type=\"widget\" data-settings=\"{&quot;_animation&quot;:&quot;fadeInUp&quot;}\" data-widget_type=\"text-editor.default\">\n\t\t\t\t<div class=\"elementor-widget-container\">\n\t\t\t\t\t\t\t\t\t<ul><li><strong><span data-teams=\"true\">Signifikante Kosteneffizienz<\/span>:<\/strong> <br \/><span data-teams=\"true\">Durch den Wegfall schwerf\u00e4lliger Intermedi\u00e4r-Ebenen und manuellem Overhead bietet Debitos ein Modell, das deutlich kosteng\u00fcnstiger ist als die Beauftragung klassischer Verkaufsberater.<\/span><br \/><br \/><\/li><li><strong><span data-teams=\"true\">Ganzheitliche Portfoliol\u00f6sungen<\/span>:<\/strong> <br \/><span data-teams=\"true\">Ob Sie einen einzelnen gro\u00dfvolumigen gewerblichen Immobilienkredit (CRE), ein granulares NPL-Portfolio oder komplexe REO-Positionen ver\u00e4u\u00dfern m\u00fcssen \u2013 unsere Infrastruktur unterst\u00fctzt das gesamte Spektrum an Fremd- und Eigenkapitaltransaktionen.<\/span><\/li><\/ul>\t\t\t\t\t\t\t\t<\/div>\n\t\t\t\t<\/div>\n\t\t\t\t\t<\/div>\n\t\t<\/div>\n\t\t\t\t\t<\/div>\n\t\t<\/section>\n\t\t\t\t\t<\/div>\n\t\t<\/div>\n\t\t\t\t\t<\/div>\n\t\t<\/section>\n\t\t\t\t<\/div>\n\t\t","protected":false},"excerpt":{"rendered":"Wandeln Sie gewerbliches Immobilien-Eigenkapital, Forderungen und notleidende Kredite in Liquidit\u00e4t um \u2013 auf Europas f\u00fchrendem digitalen Sekund\u00e4rmarkt. Jetzt Bewertung anfordern &amp; Termin buchen Die Maturity Wall 2026 meistern: Der f\u00fchrende digitale Marktplatz f\u00fcr Immobilienkredite &amp; Equity Lassen Sie nicht zu, dass Altbest\u00e4nde Ihre Ressourcen binden.Entdecken Sie noch heute die Effizienz des Sekund\u00e4rmarkts f\u00fcr Forderungen. Jetzt&#8230; <a class=\"view-article\" href=\"https:\/\/www.debitos.com\/de\/immobilien\/\">mehr erfahren<\/a>","protected":false},"author":17,"featured_media":0,"parent":0,"menu_order":0,"comment_status":"closed","ping_status":"closed","template":"","meta":{"footnotes":""},"class_list":["post-30419","page","type-page","status-publish","hentry"],"acf":[],"_links":{"self":[{"href":"https:\/\/www.debitos.com\/de\/wp-json\/wp\/v2\/pages\/30419","targetHints":{"allow":["GET"]}}],"collection":[{"href":"https:\/\/www.debitos.com\/de\/wp-json\/wp\/v2\/pages"}],"about":[{"href":"https:\/\/www.debitos.com\/de\/wp-json\/wp\/v2\/types\/page"}],"author":[{"embeddable":true,"href":"https:\/\/www.debitos.com\/de\/wp-json\/wp\/v2\/users\/17"}],"replies":[{"embeddable":true,"href":"https:\/\/www.debitos.com\/de\/wp-json\/wp\/v2\/comments?post=30419"}],"version-history":[{"count":3,"href":"https:\/\/www.debitos.com\/de\/wp-json\/wp\/v2\/pages\/30419\/revisions"}],"predecessor-version":[{"id":30422,"href":"https:\/\/www.debitos.com\/de\/wp-json\/wp\/v2\/pages\/30419\/revisions\/30422"}],"wp:attachment":[{"href":"https:\/\/www.debitos.com\/de\/wp-json\/wp\/v2\/media?parent=30419"}],"curies":[{"name":"wp","href":"https:\/\/api.w.org\/{rel}","templated":true}]}}