{"id":25261,"date":"2022-09-19T12:51:42","date_gmt":"2022-09-19T10:51:42","guid":{"rendered":"https:\/\/www.debitos.com\/servicing\/"},"modified":"2022-09-21T17:11:05","modified_gmt":"2022-09-21T15:11:05","slug":"servicing","status":"publish","type":"page","link":"https:\/\/www.debitos.com\/de\/servicing\/","title":{"rendered":"Servicing"},"content":{"rendered":"\t\t<div data-elementor-type=\"wp-page\" data-elementor-id=\"25261\" class=\"elementor elementor-25261 elementor-24948\" data-elementor-post-type=\"page\">\n\t\t\t\t\t\t<section class=\"elementor-section elementor-top-section elementor-element elementor-element-a0c1cb9 elementor-section-boxed elementor-section-height-default elementor-section-height-default\" data-id=\"a0c1cb9\" data-element_type=\"section\" data-e-type=\"section\" data-settings=\"{&quot;background_background&quot;:&quot;classic&quot;}\">\n\t\t\t\t\t\t<div class=\"elementor-container elementor-column-gap-default\">\n\t\t\t\t\t<div class=\"elementor-column elementor-col-100 elementor-top-column elementor-element elementor-element-48e0691\" data-id=\"48e0691\" data-element_type=\"column\" data-e-type=\"column\">\n\t\t\t<div class=\"elementor-widget-wrap elementor-element-populated\">\n\t\t\t\t\t\t<section class=\"elementor-section elementor-inner-section elementor-element elementor-element-a1e54bc elementor-section-boxed elementor-section-height-default elementor-section-height-default\" data-id=\"a1e54bc\" data-element_type=\"section\" data-e-type=\"section\">\n\t\t\t\t\t\t<div class=\"elementor-container elementor-column-gap-default\">\n\t\t\t\t\t<div class=\"elementor-column elementor-col-50 elementor-inner-column elementor-element elementor-element-d2b14e8\" data-id=\"d2b14e8\" data-element_type=\"column\" data-e-type=\"column\" data-settings=\"{&quot;background_background&quot;:&quot;classic&quot;}\">\n\t\t\t<div class=\"elementor-widget-wrap elementor-element-populated\">\n\t\t\t\t\t\t<div class=\"elementor-element elementor-element-c8d3157 elementor-widget elementor-widget-heading\" data-id=\"c8d3157\" data-element_type=\"widget\" data-e-type=\"widget\" data-widget_type=\"heading.default\">\n\t\t\t\t<div class=\"elementor-widget-container\">\n\t\t\t\t\t<h1 class=\"elementor-heading-title elementor-size-default\">Servicing<\/h1>\t\t\t\t<\/div>\n\t\t\t\t<\/div>\n\t\t\t\t\t<\/div>\n\t\t<\/div>\n\t\t\t\t<div class=\"elementor-column elementor-col-50 elementor-inner-column elementor-element elementor-element-4f276aa\" data-id=\"4f276aa\" data-element_type=\"column\" data-e-type=\"column\">\n\t\t\t<div class=\"elementor-widget-wrap\">\n\t\t\t\t\t\t\t<\/div>\n\t\t<\/div>\n\t\t\t\t\t<\/div>\n\t\t<\/section>\n\t\t\t\t\t<\/div>\n\t\t<\/div>\n\t\t\t\t\t<\/div>\n\t\t<\/section>\n\t\t\t\t<section class=\"elementor-section elementor-top-section elementor-element elementor-element-e3b8f95 elementor-section-boxed elementor-section-height-default elementor-section-height-default\" data-id=\"e3b8f95\" data-element_type=\"section\" data-e-type=\"section\" data-settings=\"{&quot;background_background&quot;:&quot;classic&quot;}\">\n\t\t\t\t\t\t<div class=\"elementor-container elementor-column-gap-default\">\n\t\t\t\t\t<div class=\"elementor-column elementor-col-50 elementor-top-column elementor-element elementor-element-10757d2\" data-id=\"10757d2\" data-element_type=\"column\" data-e-type=\"column\">\n\t\t\t<div class=\"elementor-widget-wrap elementor-element-populated\">\n\t\t\t\t\t\t<div class=\"elementor-element elementor-element-3326e54 animated-fast elementor-invisible elementor-widget elementor-widget-heading\" data-id=\"3326e54\" data-element_type=\"widget\" data-e-type=\"widget\" data-settings=\"{&quot;_animation&quot;:&quot;fadeInDown&quot;}\" data-widget_type=\"heading.default\">\n\t\t\t\t<div class=\"elementor-widget-container\">\n\t\t\t\t\t<h2 class=\"elementor-heading-title elementor-size-default\">Servicing Navigator<\/h2>\t\t\t\t<\/div>\n\t\t\t\t<\/div>\n\t\t\t\t<div class=\"elementor-element elementor-element-e9378db elementor-widget elementor-widget-text-editor\" data-id=\"e9378db\" data-element_type=\"widget\" data-e-type=\"widget\" data-widget_type=\"text-editor.default\">\n\t\t\t\t<div class=\"elementor-widget-container\">\n\t\t\t\t\t\t\t\t\t<p>Banken und Investoren lagern regelm\u00e4\u00dfig Aktivit\u00e4ten wie das Management problematischer Kredite an externe Servicer aus, die auf bestimmte L\u00e4nder, Assetklassen, Ticketgr\u00f6\u00dfen, Volumina spezialisiert sind und \u00fcber spezifische Lizenzen verf\u00fcgen. <strong>Debitos<\/strong> hat mehr als <strong>400 Servicer aus 16 verschiedenen L\u00e4ndern<\/strong> auf seinem Marktplatz registriert und f\u00fchrt mit seinem Produkt <strong>Servicing Navigator<\/strong> durch die Vielzahl der europ\u00e4ischen Servicer, um Banken und Investoren den bestm\u00f6glichen Gesch\u00e4ftspartner zu bieten.<\/p>\n\t\t\t\t\t\t\t\t<\/div>\n\t\t\t\t<\/div>\n\t\t\t\t\t<\/div>\n\t\t<\/div>\n\t\t\t\t<div class=\"elementor-column elementor-col-50 elementor-top-column elementor-element elementor-element-de6abb3 animated-fast elementor-invisible\" data-id=\"de6abb3\" data-element_type=\"column\" data-e-type=\"column\" data-settings=\"{&quot;animation&quot;:&quot;fadeInRight&quot;}\">\n\t\t\t<div class=\"elementor-widget-wrap elementor-element-populated\">\n\t\t\t\t\t\t<div class=\"elementor-element elementor-element-130bded elementor-invisible elementor-widget elementor-widget-image\" data-id=\"130bded\" data-element_type=\"widget\" data-e-type=\"widget\" data-settings=\"{&quot;motion_fx_motion_fx_scrolling&quot;:&quot;yes&quot;,&quot;motion_fx_translateY_effect&quot;:&quot;yes&quot;,&quot;motion_fx_translateY_speed&quot;:{&quot;unit&quot;:&quot;px&quot;,&quot;size&quot;:2,&quot;sizes&quot;:[]},&quot;motion_fx_scale_effect&quot;:&quot;yes&quot;,&quot;motion_fx_scale_direction&quot;:&quot;in-out&quot;,&quot;motion_fx_scale_speed&quot;:{&quot;unit&quot;:&quot;px&quot;,&quot;size&quot;:1,&quot;sizes&quot;:[]},&quot;motion_fx_scale_range&quot;:{&quot;unit&quot;:&quot;%&quot;,&quot;size&quot;:&quot;&quot;,&quot;sizes&quot;:{&quot;start&quot;:0,&quot;end&quot;:40}},&quot;_animation&quot;:&quot;fadeInRight&quot;,&quot;motion_fx_translateY_affectedRange&quot;:{&quot;unit&quot;:&quot;%&quot;,&quot;size&quot;:&quot;&quot;,&quot;sizes&quot;:{&quot;start&quot;:0,&quot;end&quot;:100}},&quot;motion_fx_devices&quot;:[&quot;desktop&quot;,&quot;tablet&quot;,&quot;mobile&quot;]}\" data-widget_type=\"image.default\">\n\t\t\t\t<div class=\"elementor-widget-container\">\n\t\t\t\t\t\t\t\t\t\t\t\t\t\t\t<img fetchpriority=\"high\" decoding=\"async\" width=\"800\" height=\"786\" src=\"https:\/\/www.debitos.com\/wp-content\/uploads\/2022\/09\/220915-Screenshot-Servicing-72dpi-v2.gif\" class=\"attachment-full size-full wp-image-30916\" alt=\"Servicing Navigator\" \/>\t\t\t\t\t\t\t\t\t\t\t\t\t\t\t<\/div>\n\t\t\t\t<\/div>\n\t\t\t\t\t<\/div>\n\t\t<\/div>\n\t\t\t\t\t<\/div>\n\t\t<\/section>\n\t\t\t\t<section class=\"elementor-section elementor-top-section elementor-element elementor-element-361fd38 elementor-section-boxed elementor-section-height-default elementor-section-height-default\" data-id=\"361fd38\" data-element_type=\"section\" data-e-type=\"section\" data-settings=\"{&quot;background_background&quot;:&quot;classic&quot;}\">\n\t\t\t\t\t\t<div class=\"elementor-container elementor-column-gap-default\">\n\t\t\t\t\t<div class=\"elementor-column elementor-col-50 elementor-top-column elementor-element elementor-element-0635c35 animated-fast elementor-invisible\" data-id=\"0635c35\" data-element_type=\"column\" data-e-type=\"column\" data-settings=\"{&quot;animation&quot;:&quot;fadeInLeft&quot;}\">\n\t\t\t<div class=\"elementor-widget-wrap elementor-element-populated\">\n\t\t\t\t\t\t<div class=\"elementor-element elementor-element-f4b48c9 elementor-invisible elementor-widget elementor-widget-image\" data-id=\"f4b48c9\" data-element_type=\"widget\" data-e-type=\"widget\" data-settings=\"{&quot;motion_fx_motion_fx_scrolling&quot;:&quot;yes&quot;,&quot;motion_fx_translateY_effect&quot;:&quot;yes&quot;,&quot;motion_fx_translateY_speed&quot;:{&quot;unit&quot;:&quot;px&quot;,&quot;size&quot;:2,&quot;sizes&quot;:[]},&quot;motion_fx_scale_effect&quot;:&quot;yes&quot;,&quot;motion_fx_scale_direction&quot;:&quot;in-out&quot;,&quot;motion_fx_scale_speed&quot;:{&quot;unit&quot;:&quot;px&quot;,&quot;size&quot;:1,&quot;sizes&quot;:[]},&quot;motion_fx_scale_range&quot;:{&quot;unit&quot;:&quot;%&quot;,&quot;size&quot;:&quot;&quot;,&quot;sizes&quot;:{&quot;start&quot;:0,&quot;end&quot;:40}},&quot;_animation&quot;:&quot;fadeInLeft&quot;,&quot;motion_fx_translateY_affectedRange&quot;:{&quot;unit&quot;:&quot;%&quot;,&quot;size&quot;:&quot;&quot;,&quot;sizes&quot;:{&quot;start&quot;:0,&quot;end&quot;:100}},&quot;motion_fx_devices&quot;:[&quot;desktop&quot;,&quot;tablet&quot;,&quot;mobile&quot;]}\" data-widget_type=\"image.default\">\n\t\t\t\t<div class=\"elementor-widget-container\">\n\t\t\t\t\t\t\t\t\t\t\t\t\t\t\t<img decoding=\"async\" width=\"1400\" height=\"1376\" src=\"https:\/\/www.debitos.com\/wp-content\/uploads\/2022\/08\/220822-Screenshot-Servicing-OV-72dpi.jpg\" class=\"attachment-full size-full wp-image-24956\" alt=\"Servicing navigator overview\" srcset=\"https:\/\/www.debitos.com\/wp-content\/uploads\/2022\/08\/220822-Screenshot-Servicing-OV-72dpi.jpg 1400w, https:\/\/www.debitos.com\/wp-content\/uploads\/2022\/08\/220822-Screenshot-Servicing-OV-72dpi-250x246.jpg 250w, https:\/\/www.debitos.com\/wp-content\/uploads\/2022\/08\/220822-Screenshot-Servicing-OV-72dpi-700x688.jpg 700w, https:\/\/www.debitos.com\/wp-content\/uploads\/2022\/08\/220822-Screenshot-Servicing-OV-72dpi-768x755.jpg 768w, https:\/\/www.debitos.com\/wp-content\/uploads\/2022\/08\/220822-Screenshot-Servicing-OV-72dpi-120x118.jpg 120w\" sizes=\"(max-width: 1400px) 100vw, 1400px\" \/>\t\t\t\t\t\t\t\t\t\t\t\t\t\t\t<\/div>\n\t\t\t\t<\/div>\n\t\t\t\t<div class=\"elementor-element elementor-element-9327eac animated-fast elementor-invisible elementor-widget elementor-widget-heading\" data-id=\"9327eac\" data-element_type=\"widget\" data-e-type=\"widget\" data-settings=\"{&quot;_animation&quot;:&quot;fadeInDown&quot;}\" data-widget_type=\"heading.default\">\n\t\t\t\t<div class=\"elementor-widget-container\">\n\t\t\t\t\t<h5 class=\"elementor-heading-title elementor-size-default\">Listenansicht<\/h5>\t\t\t\t<\/div>\n\t\t\t\t<\/div>\n\t\t\t\t\t<\/div>\n\t\t<\/div>\n\t\t\t\t<div class=\"elementor-column elementor-col-50 elementor-top-column elementor-element elementor-element-57070ca animated-fast elementor-invisible\" data-id=\"57070ca\" data-element_type=\"column\" data-e-type=\"column\" data-settings=\"{&quot;animation&quot;:&quot;fadeInRight&quot;}\">\n\t\t\t<div class=\"elementor-widget-wrap elementor-element-populated\">\n\t\t\t\t\t\t<div class=\"elementor-element elementor-element-f0d3aab elementor-invisible elementor-widget elementor-widget-image\" data-id=\"f0d3aab\" data-element_type=\"widget\" data-e-type=\"widget\" data-settings=\"{&quot;motion_fx_motion_fx_scrolling&quot;:&quot;yes&quot;,&quot;motion_fx_translateY_effect&quot;:&quot;yes&quot;,&quot;motion_fx_translateY_speed&quot;:{&quot;unit&quot;:&quot;px&quot;,&quot;size&quot;:2,&quot;sizes&quot;:[]},&quot;motion_fx_scale_effect&quot;:&quot;yes&quot;,&quot;motion_fx_scale_direction&quot;:&quot;in-out&quot;,&quot;motion_fx_scale_speed&quot;:{&quot;unit&quot;:&quot;px&quot;,&quot;size&quot;:1,&quot;sizes&quot;:[]},&quot;motion_fx_scale_range&quot;:{&quot;unit&quot;:&quot;%&quot;,&quot;size&quot;:&quot;&quot;,&quot;sizes&quot;:{&quot;start&quot;:0,&quot;end&quot;:40}},&quot;_animation&quot;:&quot;fadeInRight&quot;,&quot;motion_fx_translateY_affectedRange&quot;:{&quot;unit&quot;:&quot;%&quot;,&quot;size&quot;:&quot;&quot;,&quot;sizes&quot;:{&quot;start&quot;:0,&quot;end&quot;:100}},&quot;motion_fx_devices&quot;:[&quot;desktop&quot;,&quot;tablet&quot;,&quot;mobile&quot;]}\" data-widget_type=\"image.default\">\n\t\t\t\t<div class=\"elementor-widget-container\">\n\t\t\t\t\t\t\t\t\t\t\t\t\t\t\t<img decoding=\"async\" width=\"1400\" height=\"1376\" src=\"https:\/\/www.debitos.com\/wp-content\/uploads\/2022\/08\/220822-Screenshot-Servicing-Business-profile-72dpi.jpg\" class=\"attachment-full size-full wp-image-24961\" alt=\"Servicing navigator profile\" srcset=\"https:\/\/www.debitos.com\/wp-content\/uploads\/2022\/08\/220822-Screenshot-Servicing-Business-profile-72dpi.jpg 1400w, https:\/\/www.debitos.com\/wp-content\/uploads\/2022\/08\/220822-Screenshot-Servicing-Business-profile-72dpi-250x246.jpg 250w, https:\/\/www.debitos.com\/wp-content\/uploads\/2022\/08\/220822-Screenshot-Servicing-Business-profile-72dpi-700x688.jpg 700w, https:\/\/www.debitos.com\/wp-content\/uploads\/2022\/08\/220822-Screenshot-Servicing-Business-profile-72dpi-768x755.jpg 768w, https:\/\/www.debitos.com\/wp-content\/uploads\/2022\/08\/220822-Screenshot-Servicing-Business-profile-72dpi-120x118.jpg 120w\" sizes=\"(max-width: 1400px) 100vw, 1400px\" \/>\t\t\t\t\t\t\t\t\t\t\t\t\t\t\t<\/div>\n\t\t\t\t<\/div>\n\t\t\t\t<div class=\"elementor-element elementor-element-b5f2000 animated-fast elementor-invisible elementor-widget elementor-widget-heading\" data-id=\"b5f2000\" data-element_type=\"widget\" data-e-type=\"widget\" data-settings=\"{&quot;_animation&quot;:&quot;fadeInDown&quot;}\" data-widget_type=\"heading.default\">\n\t\t\t\t<div class=\"elementor-widget-container\">\n\t\t\t\t\t<h5 class=\"elementor-heading-title elementor-size-default\">Profilansicht<\/h5>\t\t\t\t<\/div>\n\t\t\t\t<\/div>\n\t\t\t\t\t<\/div>\n\t\t<\/div>\n\t\t\t\t\t<\/div>\n\t\t<\/section>\n\t\t\t\t<\/div>\n\t\t","protected":false},"excerpt":{"rendered":"Servicing Navigator Banken und Investoren lagern regelm\u00e4\u00dfig Aktivit\u00e4ten wie das Management problematischer Kredite an externe Servicer aus, die auf bestimmte L\u00e4nder, Assetklassen, Ticketgr\u00f6\u00dfen, Volumina spezialisiert sind und \u00fcber spezifische Lizenzen verf\u00fcgen. Debitos hat mehr als 400 Servicer aus 16 verschiedenen L\u00e4ndern auf seinem Marktplatz registriert und f\u00fchrt mit seinem Produkt Servicing Navigator durch die Vielzahl&#8230; <a class=\"view-article\" href=\"https:\/\/www.debitos.com\/de\/servicing\/\">mehr erfahren<\/a>","protected":false},"author":17,"featured_media":0,"parent":0,"menu_order":0,"comment_status":"closed","ping_status":"closed","template":"","meta":{"footnotes":""},"class_list":["post-25261","page","type-page","status-publish","hentry"],"acf":[],"_links":{"self":[{"href":"https:\/\/www.debitos.com\/de\/wp-json\/wp\/v2\/pages\/25261","targetHints":{"allow":["GET"]}}],"collection":[{"href":"https:\/\/www.debitos.com\/de\/wp-json\/wp\/v2\/pages"}],"about":[{"href":"https:\/\/www.debitos.com\/de\/wp-json\/wp\/v2\/types\/page"}],"author":[{"embeddable":true,"href":"https:\/\/www.debitos.com\/de\/wp-json\/wp\/v2\/users\/17"}],"replies":[{"embeddable":true,"href":"https:\/\/www.debitos.com\/de\/wp-json\/wp\/v2\/comments?post=25261"}],"version-history":[{"count":1,"href":"https:\/\/www.debitos.com\/de\/wp-json\/wp\/v2\/pages\/25261\/revisions"}],"predecessor-version":[{"id":25262,"href":"https:\/\/www.debitos.com\/de\/wp-json\/wp\/v2\/pages\/25261\/revisions\/25262"}],"wp:attachment":[{"href":"https:\/\/www.debitos.com\/de\/wp-json\/wp\/v2\/media?parent=25261"}],"curies":[{"name":"wp","href":"https:\/\/api.w.org\/{rel}","templated":true}]}}