{"id":1432,"date":"2018-03-07T13:53:38","date_gmt":"2018-03-07T12:53:38","guid":{"rendered":"https:\/\/www.debitos.com\/security\/"},"modified":"2024-10-31T09:58:04","modified_gmt":"2024-10-31T08:58:04","slug":"sicherheit","status":"publish","type":"page","link":"https:\/\/www.debitos.com\/de\/sicherheit\/","title":{"rendered":"Sicherheit"},"content":{"rendered":"\t\t\t\t<div class=\"bs3-grid-builder-container container\">\r\n\t\t\t\t\t\t\t\t<div class=\"row bs3-grid-builder-row bs3-grid-builder-row-order-ltr\">\r\n\t\t\t\t\t\t\t\t\t\t\t\t\t\t\t\t<div class=\"col-sm-12 bs3-grid-col-wrapper\">\r\n\t\t\t\t\t\t\t\t\t\t\t<div class=\"bs3-grid-builder-child-item bs3-grid-builder-col-1\">\r\n\t\t\t\t\t\t\t\t\t\t\t\t\t<h2 class=\"entry-title\" style=\"text-align: left\">Rechtssichere Vertr\u00e4ge<\/h2>\n<hr \/>\n\t\t\t\t\t\t\t\t\t\t\t<\/div><!-- .bs3-grid-builder-child-item -->\r\n\t\t\t\t\t\t\t\t\t\t\t\t\t\t\t<\/div><!-- .bs3-grid-col-wrapper -->\r\n\t\t\t\t<\/div><!-- .bs3-grid-builder-row -->\r\n\t\t\t<\/div><!-- .bs3-grid-builder-container -->\r\n\t\t\t\t\t\t<div class=\"bs3-grid-builder-container container\">\r\n\t\t\t\t\t\t\t\t<div class=\"row bs3-grid-builder-row mb-30 bs3-grid-builder-row-order-ltr\">\r\n\t\t\t\t\t\t\t\t\t\t\t\t\t\t\t\t<div class=\"col-sm-12 bs3-grid-col-wrapper\">\r\n\t\t\t\t\t\t\t\t\t\t\t<div class=\"bs3-grid-builder-child-item bs3-grid-builder-col-1\">\r\n\t\t\t\t\t\t\t\t\t\t\t\t\t<h3>Sicherer Rechtsrahmen f\u00fcr Marktteilnehmer<\/h3>\n<p>Finanzprodukte werden von vielen regulatorischen Bestimmungen beeinflusst. Es m\u00fcssen auf K\u00e4ufer und Verk\u00e4uferseite Themen wie KWG, Bankgeheimnis, BDSG und Geldw\u00e4schegesetze beachtet werden. Debitos hat diese Themen in dem Aufbau der Plattform beachtet und Teile davon mit der Bundesanstalt f\u00fcr Finanzdienstleistungsaufsicht abgestimmt um den Marktteilnehmern einen sicheren Rechtsrahmen f\u00fcr ihre Transaktionsgesch\u00e4fte zur Verf\u00fcgung zu stellen.<\/p>\n<p>Letzten Endes wacht in Deutschland die Bundesanstalt f\u00fcr Finanzdienstleistungsaufsicht (BaFin) \u00fcber die Einhaltung des Kreditwesengesetzes (KWG). Dort gibt es ebenfalls Regularien, die den Kauf von Forderungen stark beeinflussen. All diese Themen hat Debitos beim Aufbau der Forderungsb\u00f6rse beachtet.<\/p>\n\t\t\t\t\t\t\t\t\t\t\t<\/div><!-- .bs3-grid-builder-child-item -->\r\n\t\t\t\t\t\t\t\t\t\t\t\t\t\t\t<\/div><!-- .bs3-grid-col-wrapper -->\r\n\t\t\t\t<\/div><!-- .bs3-grid-builder-row -->\r\n\t\t\t<\/div><!-- .bs3-grid-builder-container -->\r\n\t\t\t\t\t\t<div class=\"bs3-grid-builder-container bg-black container-fluid\">\r\n\t\t\t\t\t\t\t\t<div class=\"row bs3-grid-builder-row bs3-grid-builder-row-order-ltr\">\r\n\t\t\t\t\t\t\t\t\t\t\t\t\t\t\t\t<div class=\"col-sm-12 bs3-grid-col-wrapper\">\r\n\t\t\t\t\t\t\t\t\t\t\t<div class=\"bs3-grid-builder-child-item mb-20 bs3-grid-builder-col-1\">\r\n\t\t\t\t\t\t\t\t\t\t\t\t\t<h2 class=\"entry-title\" style=\"text-align: center\">SSL-Verschl\u00fcsselung<\/h2>\n\t\t\t\t\t\t\t\t\t\t\t<\/div><!-- .bs3-grid-builder-child-item -->\r\n\t\t\t\t\t\t\t\t\t\t\t\t\t\t\t<\/div><!-- .bs3-grid-col-wrapper -->\r\n\t\t\t\t<\/div><!-- .bs3-grid-builder-row -->\r\n\t\t\t<\/div><!-- .bs3-grid-builder-container -->\r\n\t\t\t\t\t\t<div class=\"bs3-grid-builder-container bg-container-fluid bg-lightbulbs-two mb-20n wrapper-tradable-claims container\">\r\n\t\t\t\t\t\t\t\t<div class=\"row bs3-grid-builder-row in-fluid-row-class plr-0 bs3-grid-builder-row-order-ltr\">\r\n\t\t\t\t\t\t\t\t\t\t\t\t\t\t\t\t<div class=\"col-sm-6 bs3-grid-col-wrapper\">\r\n\t\t\t\t\t\t\t\t\t\t\t<div class=\"bs3-grid-builder-child-item box bg-black-transparent p-15 mb-15 bs3-grid-builder-col-1\">\r\n\t\t\t\t\t\t\t\t\t\t\t\t\t<h3>Ihre Daten werden verschl\u00fcsselt<\/h3>\n<p>Auf Debitos bewegen wir uns in einem sensiblen Datenumfeld und legen deshalb besonderen Wert darauf Ihre Daten nicht frei zug\u00e4nglich zu \u00fcbermitteln. Eine M\u00f6glichkeit daf\u00fcr ist die SSL-Verschl\u00fcsselung.<\/p>\n<p>SSL steht f\u00fcr Secure Sockets Layer und ist eine Methode mit der man die versendeten Daten zwischen Sender und Empf\u00e4nger mit 256 Bit verschl\u00fcsselt. D.h. der sendende Computer verschl\u00fcsselt die Daten, sendet sie an den Empf\u00e4nger und nur dieser kann die Daten dann entschl\u00fcsseln und auslesen. Da die Sicherheit unserer Kundendaten an h\u00f6chster Stelle f\u00fcr uns steht, haben wir uns f\u00fcr die Verschl\u00fcsselung der Daten f\u00fcr den Marktf\u00fchrer GeoTrust entschieden.<\/p>\n\t\t\t\t\t\t\t\t\t\t\t<\/div><!-- .bs3-grid-builder-child-item -->\r\n\t\t\t\t\t\t\t\t\t\t<\/div><!-- .bs3-grid-col-wrapper -->\t\t\t\t\t\t\t\t\t\t\t<div class=\"col-sm-6 bs3-grid-col-wrapper\">\r\n\t\t\t\t\t\t\t\t\t\t\t<div class=\"bs3-grid-builder-child-item box bg-black-transparent p-15 mb-15 bs3-grid-builder-col-2\">\r\n\t\t\t\t\t\t\t\t\t\t\t\t\t<h3>So funktioniert unsere SSL-Verschl\u00fcsselung<\/h3>\n<ol>\n<li>Ihr Computer (Client) meldet sich beim Rechner im Internet (Server) an.<\/li>\n<li>Der Server sendet ein Zertifikat zur\u00fcck. Ihr Rechner \u00fcberpr\u00fcft die Echtheit dieses Zertifikats bei einem Trustcenter.<\/li>\n<li>Ein Session Key wird erzeugt. Jeglicher Datenaustausch mit dem Server wird verschl\u00fcsselt \u00fcbertragen.<\/li>\n<\/ol>\n\t\t\t\t\t\t\t\t\t\t\t<\/div><!-- .bs3-grid-builder-child-item -->\r\n\t\t\t\t\t\t\t\t\t\t\t\t\t\t\t<\/div><!-- .bs3-grid-col-wrapper -->\r\n\t\t\t\t<\/div><!-- .bs3-grid-builder-row -->\r\n\t\t\t<\/div><!-- .bs3-grid-builder-container -->\r\n\t\t\t\t\t\t<div class=\"bs3-grid-builder-container bg-black container-fluid\">\r\n\t\t\t\t\t\t\t\t<div class=\"row bs3-grid-builder-row bs3-grid-builder-row-order-ltr\">\r\n\t\t\t\t\t\t\t\t\t\t\t\t\t\t\t\t<div class=\"col-sm-12 bs3-grid-col-wrapper\">\r\n\t\t\t\t\t\t\t\t\t\t\t<div class=\"bs3-grid-builder-child-item mb-20 bs3-grid-builder-col-1\">\r\n\t\t\t\t\t\t\t\t\t\t\t\t\t<h2 class=\"entry-title\" style=\"text-align: center\">Sicheres Rechenzentrum<\/h2>\n\t\t\t\t\t\t\t\t\t\t\t<\/div><!-- .bs3-grid-builder-child-item -->\r\n\t\t\t\t\t\t\t\t\t\t\t\t\t\t\t<\/div><!-- .bs3-grid-col-wrapper -->\r\n\t\t\t\t<\/div><!-- .bs3-grid-builder-row -->\r\n\t\t\t<\/div><!-- .bs3-grid-builder-container -->\r\n\t\t\t\t\t\t<div class=\"bs3-grid-builder-container mb-30 container\">\r\n\t\t\t\t\t\t\t\t<div class=\"row bs3-grid-builder-row bs3-grid-builder-row-order-ltr\">\r\n\t\t\t\t\t\t\t\t\t\t\t\t\t\t\t\t<div class=\"col-sm-12 bs3-grid-col-wrapper\">\r\n\t\t\t\t\t\t\t\t\t\t\t<div class=\"bs3-grid-builder-child-item bs3-grid-builder-col-1\">\r\n\t\t\t\t\t\t\t\t\t\t\t\t\t<h3>KWG-konformes Rechenzentrum<\/h3>\n<p>Auf Debitos bewegen wir uns in einem sensiblen Datenumfeld. Deshalb legen wir besonderen Wert darauf, Ihre Daten in sicheren Rechenzentren zu speichern. So haben wir f\u00fcr Sie ein KWG-konformes Rechenzentrum herausgesucht. \u201eKWG-konform\u201c bedeutet, dass es die hohen Anforderungen des Kreditwesengesetzes erf\u00fcllt und somit auch von Banken f\u00fcr ihre Kundendaten genutzt werden darf.<\/p>\n<p>Diese Anforderungen beinhalten z. Bsp. strenge Zugangskontrollen, Ausfallsicherheit durch verschiedene Stromversorger und Brandschutzma\u00dfnahmen, Backup-Rechner etc.<\/p>\n<p>Auch wenn Debitos keine Bank ist, haben wir uns freiwillig dieser Pflicht unterworfen und unseren gesamten Webseitenbetrieb in das Rechenzentrum von Microsoft Azure verlegt.<\/p>\n\t\t\t\t\t\t\t\t\t\t\t<\/div><!-- .bs3-grid-builder-child-item -->\r\n\t\t\t\t\t\t\t\t\t\t\t\t\t\t\t<\/div><!-- .bs3-grid-col-wrapper -->\r\n\t\t\t\t<\/div><!-- .bs3-grid-builder-row -->\r\n\t\t\t<\/div><!-- .bs3-grid-builder-container -->\r\n\t\t\t\t\t\t<div class=\"bs3-grid-builder-container container\">\r\n\t\t\t\t\t\t\t\t<div class=\"row bs3-grid-builder-row mb-30 bs3-grid-builder-row-order-ltr\">\r\n\t\t\t\t\t\t\t\t\t\t\t\t\t\t\t\t<div class=\"col-md-4 col-sm-6 bs3-grid-col-wrapper\">\r\n\t\t\t\t\t\t\t\t\t\t\t<div class=\"bs3-grid-builder-child-item mb-15 bs3-grid-builder-col-1\">\r\n\t\t\t\t\t\t\t\t\t\t\t\t\t<p style=\"text-align: center\"><span class=\"icon icn-check green\">\u00a0<\/span><\/p>\n<h3 style=\"text-align: center\">Entspricht den Anforderungen des KWG<\/h3>\n<p style=\"text-align: center\">Das Rechenzentrum von Microsoft Azure erf\u00fcllt die Anforderungen des \u00a725a KWG an die Datenverarbeitung.<\/p>\n\t\t\t\t\t\t\t\t\t\t\t<\/div><!-- .bs3-grid-builder-child-item -->\r\n\t\t\t\t\t\t\t\t\t\t<\/div><!-- .bs3-grid-col-wrapper -->\t\t\t\t\t\t\t\t\t\t\t<div class=\"col-md-4 col-sm-6 bs3-grid-col-wrapper\">\r\n\t\t\t\t\t\t\t\t\t\t\t<div class=\"bs3-grid-builder-child-item mb-15 bs3-grid-builder-col-2\">\r\n\t\t\t\t\t\t\t\t\t\t\t\t\t<p style=\"text-align: center\"><span class=\"icon icn-check green\">\u00a0<\/span><\/p>\n<h3 style=\"text-align: center\">Zugangskontrolle<\/h3>\n<p style=\"text-align: center\">Im Rechenzentrum von Microsoft Azure herrschen strenge Zugangskontrollen. Nur ausgew\u00e4hlte Mitarbeiter k\u00f6nnen sich bei Wartungsarbeiten per Zugangskontrolle in dem gesicherten Bereich aufhalten.<\/p>\n\t\t\t\t\t\t\t\t\t\t\t<\/div><!-- .bs3-grid-builder-child-item -->\r\n\t\t\t\t\t\t\t\t\t\t<\/div><!-- .bs3-grid-col-wrapper -->\t\t\t\t\t\t\t\t\t\t\t<div class=\"col-md-4 col-sm-6 bs3-grid-col-wrapper\">\r\n\t\t\t\t\t\t\t\t\t\t\t<div class=\"bs3-grid-builder-child-item mb-15 bs3-grid-builder-col-3\">\r\n\t\t\t\t\t\t\t\t\t\t\t\t\t<p style=\"text-align: center\"><span class=\"icon icn-check green\">\u00a0<\/span><\/p>\n<h3 style=\"text-align: center\">Backup-Rechner<\/h3>\n<p style=\"text-align: center\">Alle Daten sind zweifach gesichert, so dass bei Ausfall eines Servers immer die Daten noch auf einem zweiten Server gesichert sind.<\/p>\n\t\t\t\t\t\t\t\t\t\t\t<\/div><!-- .bs3-grid-builder-child-item -->\r\n\t\t\t\t\t\t\t\t\t\t\t\t\t\t\t<\/div><!-- .bs3-grid-col-wrapper -->\r\n\t\t\t\t<\/div><!-- .bs3-grid-builder-row -->\r\n\t\t\t<\/div><!-- .bs3-grid-builder-container -->\r\n\t\t\t\t\t\t<div class=\"bs3-grid-builder-container bg-black container-fluid\">\r\n\t\t\t\t\t\t\t\t<div class=\"row bs3-grid-builder-row bs3-grid-builder-row-order-ltr\">\r\n\t\t\t\t\t\t\t\t\t\t\t\t\t\t\t\t<div class=\"col-sm-12 bs3-grid-col-wrapper\">\r\n\t\t\t\t\t\t\t\t\t\t\t<div class=\"bs3-grid-builder-child-item mb-20 bs3-grid-builder-col-1\">\r\n\t\t\t\t\t\t\t\t\t\t\t\t\t<h2 class=\"entry-title\" style=\"text-align: center\">Sicherer Datenschutz<\/h2>\n\t\t\t\t\t\t\t\t\t\t\t<\/div><!-- .bs3-grid-builder-child-item -->\r\n\t\t\t\t\t\t\t\t\t\t\t\t\t\t\t<\/div><!-- .bs3-grid-col-wrapper -->\r\n\t\t\t\t<\/div><!-- .bs3-grid-builder-row -->\r\n\t\t\t<\/div><!-- .bs3-grid-builder-container -->\r\n\t\t\t\t\t\t<div class=\"bs3-grid-builder-container mb-30 container\">\r\n\t\t\t\t\t\t\t\t<div class=\"row bs3-grid-builder-row bs3-grid-builder-row-order-ltr\">\r\n\t\t\t\t\t\t\t\t\t\t\t\t\t\t\t\t<div class=\"col-sm-12 bs3-grid-col-wrapper\">\r\n\t\t\t\t\t\t\t\t\t\t\t<div class=\"bs3-grid-builder-child-item bs3-grid-builder-col-1\">\r\n\t\t\t\t\t\t\t\t\t\t\t\t\t<h3>Datenschutz wird bei Debitos gro\u00dfgeschrieben<\/h3>\n<p>Das Internet und der st\u00e4ndige Informationsfluss er\u00f6ffnen neue Chancen, aber auch neue Risiken. Debitos hat deshalb bereits bei der Entwicklung der Plattform gr\u00f6\u00dften Wert darauf gelegt, s\u00e4mtliche datenschutzrechtlichen Themenfelder zu beachten.<\/p>\n<p>Das Bundesdatenschutzgesetz beinhaltet bez\u00fcglich der Verarbeitung personenbezogener Daten strenge Vorschriften. Zusammen mit unserem Datenschutzbeauftragten haben wir f\u00fcr Debitos Verfahrensweisen erarbeitet, die diesen Vorschriften Rechnung tragen. Weiterhin haben wir uns freiwillig dazu entschlossen, unsere Forderungsb\u00f6rse in einem Rechenzentrum zu betreiben, das die hohen Sicherheitsanforderungen an Banken erf\u00fcllt.<\/p>\n\t\t\t\t\t\t\t\t\t\t\t<\/div><!-- .bs3-grid-builder-child-item -->\r\n\t\t\t\t\t\t\t\t\t\t\t\t\t\t\t<\/div><!-- .bs3-grid-col-wrapper -->\r\n\t\t\t\t<\/div><!-- .bs3-grid-builder-row -->\r\n\t\t\t<\/div><!-- .bs3-grid-builder-container -->\r\n\t\t\t\t\t\t<div class=\"bs3-grid-builder-container container\">\r\n\t\t\t\t\t\t\t\t<div class=\"row bs3-grid-builder-row bs3-grid-builder-row-order-ltr\">\r\n\t\t\t\t\t\t\t\t\t\t\t\t\t\t\t\t<div class=\"col-md-4 col-sm-6 bs3-grid-col-wrapper\">\r\n\t\t\t\t\t\t\t\t\t\t\t<div class=\"bs3-grid-builder-child-item mb-15 bs3-grid-builder-col-1\">\r\n\t\t\t\t\t\t\t\t\t\t\t\t\t<p style=\"text-align: center\"><span class=\"icon icn-check green\">\u00a0<\/span><\/p>\n<h3 style=\"text-align: center\">Bundesdatenschutzgesetz &amp; Datenschutz-Grundverordnung<\/h3>\n<p style=\"text-align: center\">Das Bundesdatenschutzgesetz (BDSG) und die Datenschutz-Grundverordnung (DS-GVO) regulieren die Verarbeitung personenbezogener Daten.<\/p>\n\t\t\t\t\t\t\t\t\t\t\t<\/div><!-- .bs3-grid-builder-child-item -->\r\n\t\t\t\t\t\t\t\t\t\t<\/div><!-- .bs3-grid-col-wrapper -->\t\t\t\t\t\t\t\t\t\t\t<div class=\"col-md-4 col-sm-6 bs3-grid-col-wrapper\">\r\n\t\t\t\t\t\t\t\t\t\t\t<div class=\"bs3-grid-builder-child-item mb-15 bs3-grid-builder-col-2\">\r\n\t\t\t\t\t\t\t\t\t\t\t\t\t<p style=\"text-align: center\"><span class=\"icon icn-check green\">\u00a0<\/span><\/p>\n<h3 style=\"text-align: center\">Datenschutzbeh\u00f6rden<\/h3>\n<p style=\"text-align: center\">Die Datenschutzbeh\u00f6rden wachen \u00fcber die Einhaltung des BDSG und der DS-GVO.<\/p>\n\t\t\t\t\t\t\t\t\t\t\t<\/div><!-- .bs3-grid-builder-child-item -->\r\n\t\t\t\t\t\t\t\t\t\t<\/div><!-- .bs3-grid-col-wrapper -->\t\t\t\t\t\t\t\t\t\t\t<div class=\"col-md-4 col-sm-6 bs3-grid-col-wrapper\">\r\n\t\t\t\t\t\t\t\t\t\t\t<div class=\"bs3-grid-builder-child-item mb-15 bs3-grid-builder-col-3\">\r\n\t\t\t\t\t\t\t\t\t\t\t\t\t<p style=\"text-align: center\"><span class=\"icon icn-check green\">\u00a0<\/span><\/p>\n<h3 style=\"text-align: center\">Datenschutzbeauftragter<\/h3>\n<p style=\"text-align: center\">Unser Datenschutzbeauftragter steht als unabh\u00e4ngige Person allen Nutzern von Debitos zur Verf\u00fcgung.<\/p>\n<p style=\"text-align: center\">Die Kontaktdaten des Datenschutzbeauftragten sind:<\/p>\n<p style=\"text-align: center\">2B Advice GmbH<br \/>\nJoseph-Schumpeter-Allee 25<br \/>\n53227 Bonn<\/p>\n<p style=\"text-align: center\">Telefon:+49-228-92 61 65 120<br \/>\nFax:+49-228-92 61 65 109<br \/>\nE-Mail: <a href=\"mailto:debitos@2b-advice.com\">debitos@2b-advice.com<\/a><\/p>\n\t\t\t\t\t\t\t\t\t\t\t<\/div><!-- .bs3-grid-builder-child-item -->\r\n\t\t\t\t\t\t\t\t\t\t\t\t\t\t\t<\/div><!-- .bs3-grid-col-wrapper -->\r\n\t\t\t\t<\/div><!-- .bs3-grid-builder-row -->\r\n\t\t\t<\/div><!-- .bs3-grid-builder-container -->\r\n\t\t","protected":false},"excerpt":{"rendered":"Rechtssichere Vertr\u00e4ge Sicherer Rechtsrahmen f\u00fcr Marktteilnehmer Finanzprodukte werden von vielen regulatorischen Bestimmungen beeinflusst. Es m\u00fcssen auf K\u00e4ufer und Verk\u00e4uferseite Themen wie KWG, Bankgeheimnis, BDSG und Geldw\u00e4schegesetze beachtet werden. Debitos hat diese Themen in dem Aufbau der Plattform beachtet und Teile davon mit der Bundesanstalt f\u00fcr Finanzdienstleistungsaufsicht abgestimmt um den Marktteilnehmern einen sicheren Rechtsrahmen f\u00fcr ihre&#8230; <a class=\"view-article\" href=\"https:\/\/www.debitos.com\/de\/sicherheit\/\">mehr erfahren<\/a>","protected":false},"author":1,"featured_media":14563,"parent":0,"menu_order":0,"comment_status":"closed","ping_status":"closed","template":"","meta":{"footnotes":""},"class_list":["post-1432","page","type-page","status-publish","has-post-thumbnail","hentry","bs3-grid-builder-entry"],"acf":[],"_links":{"self":[{"href":"https:\/\/www.debitos.com\/de\/wp-json\/wp\/v2\/pages\/1432","targetHints":{"allow":["GET"]}}],"collection":[{"href":"https:\/\/www.debitos.com\/de\/wp-json\/wp\/v2\/pages"}],"about":[{"href":"https:\/\/www.debitos.com\/de\/wp-json\/wp\/v2\/types\/page"}],"author":[{"embeddable":true,"href":"https:\/\/www.debitos.com\/de\/wp-json\/wp\/v2\/users\/1"}],"replies":[{"embeddable":true,"href":"https:\/\/www.debitos.com\/de\/wp-json\/wp\/v2\/comments?post=1432"}],"version-history":[{"count":21,"href":"https:\/\/www.debitos.com\/de\/wp-json\/wp\/v2\/pages\/1432\/revisions"}],"predecessor-version":[{"id":29025,"href":"https:\/\/www.debitos.com\/de\/wp-json\/wp\/v2\/pages\/1432\/revisions\/29025"}],"wp:featuredmedia":[{"embeddable":true,"href":"https:\/\/www.debitos.com\/de\/wp-json\/wp\/v2\/media\/14563"}],"wp:attachment":[{"href":"https:\/\/www.debitos.com\/de\/wp-json\/wp\/v2\/media?parent=1432"}],"curies":[{"name":"wp","href":"https:\/\/api.w.org\/{rel}","templated":true}]}}