{"id":13043,"date":"2018-03-07T11:15:09","date_gmt":"2018-03-07T10:15:09","guid":{"rendered":"https:\/\/www.debitos.com\/?page_id=13043"},"modified":"2020-09-29T15:49:41","modified_gmt":"2020-09-29T13:49:41","slug":"faq","status":"publish","type":"page","link":"https:\/\/www.debitos.com\/de\/faq\/","title":{"rendered":"FAQ"},"content":{"rendered":"\t\t\t\t<div class=\"bs3-grid-builder-container container\">\r\n\t\t\t\t\t\t\t\t<div class=\"row bs3-grid-builder-row bs3-grid-builder-row-order-ltr\">\r\n\t\t\t\t\t\t\t\t\t\t\t\t\t\t\t\t<div class=\"col-sm-12 bs3-grid-col-wrapper\">\r\n\t\t\t\t\t\t\t\t\t\t\t<div class=\"bs3-grid-builder-child-item bs3-grid-builder-col-1\">\r\n\t\t\t\t\t\t\t\t\t\t\t\t\t<h3>Kennt der Verk\u00e4ufer die Bieter?<\/h3>\n<p>Der Verk\u00e4ufer hat die komplette Kontrolle und kann zwischen einer Auktion mit offenem und geschlossenem Bieterkreis w\u00e4hlen. Bei einem offenen Angebot kann jeder registrierte Investor ein Gebot platzieren, bei einem geschlossenen Bieterkreis bestimmt der Verk\u00e4ufer, welche Investoren zur Gebotsabgabe eingeladen werden.<\/p>\n<h3>Kennt der K\u00e4ufer den Verk\u00e4ufer?<\/h3>\n<p>Potentielle Bieter mit Zugang zum Datenraum kennen auch den Verk\u00e4ufer.<\/p>\n<h3>Kann der Verk\u00e4ufer einen Mindestpreis bestimmen?<\/h3>\n<p>F\u00fcr jedes Angebot auf Debitos legt der Verk\u00e4ufer einen individuellen Mindestpreis fest. Bieter erfahren die H\u00f6he des Mindestpreises erst, sobald ihre Gebote ihn \u00fcberschreiten.<\/p>\n<h3>Was passiert, wenn der Mindestpreis nicht erreicht wird?<\/h3>\n<p>Wird der Mindestpreis des Verk\u00e4ufers nicht erreicht, kommt keine Transaktion zustande. Der Verk\u00e4ufer hat jedoch die M\u00f6glichkeit, seine Auktion nochmals zu einem Fixpreis nach dem first-come, first-serve Prinzip (\u201cJetzt-Kaufen\u201c Button) anzubieten.<\/p>\n<h3>Welche H\u00f6he sollte mein Mindestpreis haben?<\/h3>\n<p>Der Mindestpreis wird von dem Verk\u00e4ufer festgelegt und sollte den Marktpreis wiederspiegeln. Hierbei unterst\u00fctzen wir Sie gerne.<\/p>\n<h3>Ab welchem Preis k\u00f6nnen Gebote abgegeben werden?<\/h3>\n<p>Jede Auktion hat einen Startpreis, zu dem erste Gebote platziert werden k\u00f6nnen. Dieser wird abh\u00e4ngig von der Struktur des Angebots gew\u00e4hlt und von Debitos bestimmt.<\/p>\n<h3>Wie lange dauert eine typische Auktion auf Debitos?<\/h3>\n<p>Der Verk\u00e4ufer bestimmt die Laufzeit seines Angebots. Je nach Umfang der Due Diligence sollte eine Auktion zwischen zwei und acht Wochen dauern. Gerne stehen wir Ihnen beratend zur Seite.<\/p>\n<h3>Was passiert bei Gebotsabgabe kurz vor Auktionsende?<\/h3>\n<p>Platziert ein Investor sein Gebot erst drei Minuten vor dem Ende einer Auktion, verl\u00e4ngert sich diese Auktion automatisch um drei Minuten. So erh\u00e4lt jeder Bieter die Chance, das h\u00f6chste Gebot abzugeben.<\/p>\n<h3>Wann wird der Kauf- und Abtretungsvertrag verhandelt?<\/h3>\n<p>Der Verkauf \u00fcber Debitos vermeidet langwierige Vertragsverhandlungen. Stattdessen stellt der Verk\u00e4ufer seinen Kauf- und Abtretungsvertrag als Teil der Due Diligence zur Verf\u00fcgung. Bei unbesicherten Forderungen kann auch die standardisierte Vertragsvorlage von Debitos verwendet werden.<\/p>\n<h3>Welche Informationen werden im Datenraum bereitgestellt?<\/h3>\n<p>Generell gilt: Mehr Informationen resultieren in h\u00f6heren Kaufpreisen. Die Verk\u00e4ufer k\u00f6nnen entweder die von Debitos bereitgestellten Musterdateien nutzen oder ihre eigenen Dateien zur Verf\u00fcgung stellen.<\/p>\n<h3>Wie stellt Debitos den Datenschutz sicher?<\/h3>\n<p>Debitos wurde unter Beachtung des Bundesdatenschutzgesetzes entwickelt. S\u00e4mtliche Daten werden in einem Rechenzentrum in Europa gespeichert, das die hohen Anforderungen des Kreditwesengesetzes erf\u00fcllt. Dar\u00fcber hinaus kommt bei der Daten\u00fcbertragung kommt eine 256-Bit SSL-Verschl\u00fcsselung zum Einsatz. Alle Nutzer der Plattform unterwerfen sich dem Datenschutz.<\/p>\n<h3>Wer bezahlt die anfallenden Geb\u00fchren?<\/h3>\n<p>Neben der Geb\u00fchr, welche bei einem Zuschlags anf\u00e4llt (Abschlussgeb\u00fchr), f\u00e4llt bei der Einstellung der Forderungen auf unserer Plattform eine so genannte Einstellgeb\u00fchr in H\u00f6he von 5.000 Euro an. Die Einstellgeb\u00fchr tr\u00e4gt der Verk\u00e4ufer. Die Abschlussgeb\u00fchr tr\u00e4gt der Verk\u00e4ufer, es sei denn, bei dem Verkaufsangebot wird ausgewiesen, dass der K\u00e4ufer sie tragen muss. Die H\u00f6he der Geb\u00fchren kann auf der Website eingesehen werden.<\/p>\n\t\t\t\t\t\t\t\t\t\t\t<\/div><!-- .bs3-grid-builder-child-item -->\r\n\t\t\t\t\t\t\t\t\t\t\t\t\t\t\t<\/div><!-- .bs3-grid-col-wrapper -->\r\n\t\t\t\t<\/div><!-- .bs3-grid-builder-row -->\r\n\t\t\t<\/div><!-- .bs3-grid-builder-container -->\r\n\t\t","protected":false},"excerpt":{"rendered":"Kennt der Verk\u00e4ufer die Bieter? Der Verk\u00e4ufer hat die komplette Kontrolle und kann zwischen einer Auktion mit offenem und geschlossenem Bieterkreis w\u00e4hlen. Bei einem offenen Angebot kann jeder registrierte Investor ein Gebot platzieren, bei einem geschlossenen Bieterkreis bestimmt der Verk\u00e4ufer, welche Investoren zur Gebotsabgabe eingeladen werden. Kennt der K\u00e4ufer den Verk\u00e4ufer? Potentielle Bieter mit Zugang&#8230; <a class=\"view-article\" href=\"https:\/\/www.debitos.com\/de\/faq\/\">mehr erfahren<\/a>","protected":false},"author":1,"featured_media":14630,"parent":0,"menu_order":0,"comment_status":"closed","ping_status":"closed","template":"","meta":{"footnotes":""},"class_list":["post-13043","page","type-page","status-publish","has-post-thumbnail","hentry","bs3-grid-builder-entry"],"acf":[],"_links":{"self":[{"href":"https:\/\/www.debitos.com\/de\/wp-json\/wp\/v2\/pages\/13043","targetHints":{"allow":["GET"]}}],"collection":[{"href":"https:\/\/www.debitos.com\/de\/wp-json\/wp\/v2\/pages"}],"about":[{"href":"https:\/\/www.debitos.com\/de\/wp-json\/wp\/v2\/types\/page"}],"author":[{"embeddable":true,"href":"https:\/\/www.debitos.com\/de\/wp-json\/wp\/v2\/users\/1"}],"replies":[{"embeddable":true,"href":"https:\/\/www.debitos.com\/de\/wp-json\/wp\/v2\/comments?post=13043"}],"version-history":[{"count":16,"href":"https:\/\/www.debitos.com\/de\/wp-json\/wp\/v2\/pages\/13043\/revisions"}],"predecessor-version":[{"id":21361,"href":"https:\/\/www.debitos.com\/de\/wp-json\/wp\/v2\/pages\/13043\/revisions\/21361"}],"wp:featuredmedia":[{"embeddable":true,"href":"https:\/\/www.debitos.com\/de\/wp-json\/wp\/v2\/media\/14630"}],"wp:attachment":[{"href":"https:\/\/www.debitos.com\/de\/wp-json\/wp\/v2\/media?parent=13043"}],"curies":[{"name":"wp","href":"https:\/\/api.w.org\/{rel}","templated":true}]}}